{"id":13316,"date":"2020-11-11T22:06:37","date_gmt":"2020-11-11T20:06:37","guid":{"rendered":"http:\/\/www.brg14.at\/?page_id=13316"},"modified":"2025-10-24T08:30:02","modified_gmt":"2025-10-24T06:30:02","slug":"forschendes-lernen","status":"publish","type":"page","link":"https:\/\/www.brg14.at\/?page_id=13316","title":{"rendered":"Forschendes Lernen"},"content":{"rendered":"<h2>Forschendes Lernen am BRG VBS 14<\/h2>\n<p>Im Schuljahr 2020\/21 starteten zum ersten Mal 1. Klassen mit dem Schwerpunkt \u201eForschendes Lernen\u201c. Was hei\u00dft f\u00fcr uns Forschendes Lernen? F\u00fcr Klassen mit diesem Schwerpunkt ist vorgesehen, dass sie vermehrt an Projekten teilnehmen und den Forschungsgedanken hinein ins Klassenzimmer holen. Alle Stundentafeln der 1.Klassen, also welche F\u00e4cher (in welchem Stundenausma\u00df) unterrichtet werden, sind gleich, da der Schwerpunkt integrativ in allen Unterrichtsf\u00e4chern verwirklicht wird. Das kann auf unterschiedliche Arten geschehen:<\/p>\n<ul>\n<li>F\u00e4cher\u00fcbergreifende Schulprojekte: Dabei steht ein Thema im Vordergrund, z.B. Wetterkunde \u2013 die Klasse baut dazu z.B. in WET ein Barometer, l\u00e4dt eine Meteorologin ein und f\u00fchrt in Mathematik eine Temperatur-Statistik.<\/li>\n<li>Mitmachprojekte wie z.B. \u201eCitizen-Science-Projekte\u201c bieten die M\u00f6glichkeit, dass Sch\u00fcler:innen an einem laufenden Forschungsprojekt mitarbeiten. So laden Forschungsteam z.B. dazu ein, Graffiti zu dokumentieren, Webcam-Fotos aus dem Dschungel auszuwerten oder antike Kochrezepte nachzukochen. Auf der Young-Science-Seite k\u00f6nnen Sie mehr zum Thema \u201eCitizen-Science-Projekte\u201c erfahren: <a href=\"https:\/\/youngscience.at\/de\/angebote\/projekte-zum-mitforschen\/mitforschen-von-daheim\/\" target=\"_blank\" rel=\"noopener noreferrer\">LINK<\/a><\/li>\n<li>Science Fair und \u00e4hnliche Veranstaltungen: Sch\u00fcler:innen oder einzelne Sch\u00fcler:innen suchen sich ein eigenes Projekt, an dem sie forschen wollen, werden bei diesem Prozess von ihren Lehrkr\u00e4ften betreut und pr\u00e4sentieren zu Semesterende ihre Ergebnisse.<\/li>\n<li>Lehrausg\u00e4nge zu Forschungsst\u00e4tten und Einladung von Wissenschaftler:innen<\/li>\n<\/ul>\n<p>Das BRG VBS 14 blickt auf eine lange und erfolgreiche Geschichte der Kooperation mit Universit\u00e4ten und au\u00dferuniversit\u00e4ren Forschungseinrichtungen zur\u00fcck und wurde mehrfach daf\u00fcr ausgezeichnet (Young-Science-G\u00fctesiegel, Kooperationsschule PLUS der Universit\u00e4t Wien). Umso mehr freuen wir uns, dass unser neuer Schwerpunkt \u201eForschendes Lernen\u201c auch in den kommenden Schuljahren unseren Schulalltag pr\u00e4gen wird.<br \/>\nngg_shortcode_0_placeholder\n<p>Alexandra Seyfried<\/p>\n","protected":false},"excerpt":{"rendered":"<p>Forschendes Lernen am BRG VBS 14 Im Schuljahr 2020\/21 starteten zum ersten Mal 1. Klassen mit dem Schwerpunkt \u201eForschendes Lernen\u201c. Was hei\u00dft f\u00fcr uns Forschendes Lernen? F\u00fcr Klassen mit diesem Schwerpunkt ist vorgesehen, dass sie vermehrt an Projekten teilnehmen und &hellip; <a class=\"more-link\" href=\"https:\/\/www.brg14.at\/?page_id=13316\">WEITERLESEN &#8230;<\/a><\/p>\n","protected":false},"author":2,"featured_media":0,"parent":0,"menu_order":0,"comment_status":"closed","ping_status":"closed","template":"","meta":{"ngg_post_thumbnail":0,"footnotes":""},"class_list":["post-13316","page","type-page","status-publish","hentry"],"_links":{"self":[{"href":"https:\/\/www.brg14.at\/index.php?rest_route=\/wp\/v2\/pages\/13316","targetHints":{"allow":["GET"]}}],"collection":[{"href":"https:\/\/www.brg14.at\/index.php?rest_route=\/wp\/v2\/pages"}],"about":[{"href":"https:\/\/www.brg14.at\/index.php?rest_route=\/wp\/v2\/types\/page"}],"author":[{"embeddable":true,"href":"https:\/\/www.brg14.at\/index.php?rest_route=\/wp\/v2\/users\/2"}],"replies":[{"embeddable":true,"href":"https:\/\/www.brg14.at\/index.php?rest_route=%2Fwp%2Fv2%2Fcomments&post=13316"}],"version-history":[{"count":6,"href":"https:\/\/www.brg14.at\/index.php?rest_route=\/wp\/v2\/pages\/13316\/revisions"}],"predecessor-version":[{"id":16651,"href":"https:\/\/www.brg14.at\/index.php?rest_route=\/wp\/v2\/pages\/13316\/revisions\/16651"}],"wp:attachment":[{"href":"https:\/\/www.brg14.at\/index.php?rest_route=%2Fwp%2Fv2%2Fmedia&parent=13316"}],"curies":[{"name":"wp","href":"https:\/\/api.w.org\/{rel}","templated":true}]}}