{"id":13498,"date":"2020-11-13T11:13:34","date_gmt":"2020-11-13T09:13:34","guid":{"rendered":"http:\/\/www.brg14.at\/?page_id=13498"},"modified":"2025-11-10T12:50:26","modified_gmt":"2025-11-10T10:50:26","slug":"wahlpflichtfach-informatik","status":"publish","type":"page","link":"https:\/\/www.brg14.at\/?page_id=13498","title":{"rendered":"Wahlpflichtfach Informatik"},"content":{"rendered":"<p><!--\nDas BRG VBS 14 bietet insgesamt 3 verschiedene 1-j\u00e4hrige Wahlpflichtfach-Module an. Man kann jedes Modul einzeln, oder auch mehrere besuchen. Wenn man alle 3 Wahlpflichtfach-Module in der Oberstufe besucht hat, kann man auch zur Reifepr\u00fcfung Informatik antreten. Folgende Module stehen zur Auswahl:\n\n<a href=\"#B\">INFORMATIK: Technik<\/a>\n<a href=\"#D\">INFORMATIK: Kreativit\u00e4t<\/a>\n<a href=\"#C\">INFORMATIK: Coding<\/a>\n\n\n\n<hr \/>\n\n\n\n\n\n<h2 id=\"B\">INFORMATIK: Technik<\/h2>\n\n\nW\u00e4hlbar in der 6.\/7. Klasse\n\nIT-Systeme werden immer mehr zu einem selbstverst\u00e4ndlichen Begleiter in jeder Lebenslage. Nicht nur im beruflichem Umfeld, sondern auch im privaten Leben. Die Wenigsten machen wich aber Gedanken dar\u00fcber, warum oder wie gewisse Systeme funktionieren und auf was man im Detail achten sollte, damit man best m\u00f6glich gesch\u00fctzt ist.\n\nIm WPF INFORMATIK: Technik werden 4 wesentliche Bereiche der IT behandelt:\n\n\n<ul>\n \t\n\n<li><b>Netzwerktechnik<\/b>\nDamit man verstehen kann, wie Netzwerke funktionieren und auf was man alles achten muss, ben\u00f6tigt man zun\u00e4chst eine theoretische Grundlage: Netzwerktypen, Netzwerktopologien, Kabellehre samt strukturierte Verkabelung, OSI-Referenzmodell, Netzwerkkomponenten, IP-Adressen, Protokolle, uvm.\nNat\u00fcrlich macht diese Theorie nur dann Sinn, wenn man auch wei\u00df, wie man sie praktisch umsetzt. Die Sch\u00fcler:innen bauen ihr eigenes Netzwerk auf (LAN und WLAN), m\u00fcssen mittels CMD diverse Informationen herausfinden und nutzen ihr Wissen f\u00fcr die Fehlersuche bei verschiedenen Problemen.<\/li>\n\n\n \t\n\n<li><b>Servertechnik<\/b>\nHierbei geht es um das Herzst\u00fcck eines jeden IT-Systems: Der Server. Die Sch\u00fcler:innen lernen neben dem Verst\u00e4ndnis der n\u00f6tigen Hardware auch mit Themen wie Redundanzen, Virtualisierung, Raid-Systemen oder Backupstrategien umzugehen.\nNat\u00fcrlich werden viele dieser Punkte auch praktisch erprobt. Sei es beim Aufsetzen eines Servers, Arbeiten mit Virtualisierungs-Software oder Errechnen von Parit\u00e4ten f\u00fcr eine geeignete Datensicherheit.<\/li>\n\n\n \t\n\n<li><b>Kryptografie<\/b>\nDieses Thema reicht von den Einsatzgebieten der Kryptografie bis hin zu den wichtigsten kryptografischen Verfahren wie symmetrische, asymetrische oder hybride Verschl\u00fcsselung. Auch Digitale Signaturen oder das Arbeiten mit Hash-Funktionen werden behandelt.<\/li>\n\n\n \t\n\n<li><b>IT-Security<\/b>\nThemen wie Datensicherheit, Zugriffsschutz, Bedrohungsszenarien und Gegenma\u00dfnahmen werden genauso thematisiert wie die reale Bedrohung durch Cyberkriminalit\u00e4t oder das Leben als gl\u00e4serne Mensch.<\/li>\n\n\n<\/ul>\n\n\n\n\n\n<hr \/>\n\n\n\n\n\n<h2 id=\"D\">INFORMATIK: Kreativit\u00e4t<\/h2>\n\n\nW\u00e4hlbar in der 6.\/7. Klasse\n\nInformatik besteht Gro\u00dfteils nat\u00fcrlich aus sehr technischen Bereichen. Jedoch gibt es auch jede Menge kreative M\u00f6glichkeiten. Aus diesem Grund behandeln wir im WPF INFORMATIK: Kreativit\u00e4t folgende Bereiche:\n\n\n<ul>\n \t\n\n<li><b>Homepage-Erstellung<\/b>\nIn der heutigen Zeit ist eine Homepage schnell erstellt. Nur was steckt dahinter? Wie funktioniert eine Homepage tats\u00e4chlich? Und wie kann man eine funktionale und optisch ansprechende Homepage erstellen?\nBevor wir uns auch praktisch den den mittlerweile g\u00e4ngigen CMS-Systemen (Content Management System) besch\u00e4ftigen, wollen wir uns den Grundlagen der Homepage-Erstellung widmen. Denn wir sind der Meinung, dass man mit den Basics der Homepage-Erstellung vertraut sein soll, bevor man zum Beispiel einen Homepage-Baukasten verwendet.\nWir beginnen mit einfachen HTML Seiten, steigern und dann bis hin zur Verwendung von HTML in Verbindung mit CSS (Stylesheet) und beenden diesen Bereich mit der Erstellung einer eigenen WordPress-Seite.<\/li>\n\n\n \t\n\n<li><b>SketchUp<\/b>\nSketchUp ist eine Software zur Erstellung von dreidimensionalen Modellen. Wir arbeiten mit einer kostenfreien Version und lernen Schritt f\u00fcr Schritt immer komplexere 3D Modelle zu erstellen. Angefangen von einfachen Grundrissen von Wohnungen und H\u00e4usern bis hin zu einem 3D Modell von Gegenst\u00e4nden und M\u00f6bel.<\/li>\n\n\n \t\n\n<li><b>Adobe Photoshop<\/b>\nWenn man von kreativer Informatik spricht, kommt man zwangsweise irgendwann zur Bildbearbeitung. In diesem Bereich besch\u00e4ftigen wir uns mit dem Marktf\u00fchrer Adobe Photoshop. Nach einer kurzen Theorie-Phase, in welcher wir uns mit den Grundkenntnissen der Bildbearbeitung und den wesentlichen Fachbegriffen besch\u00e4ftigen, beginnen wir auch schon mit den ersten Praxis\u00fcbungen. Angefangen von einfachen Bild-Retuschen bis hin zu komplexeren Bildkompositionen. Alle Schritte werden detailliert besprochen.<\/li>\n\n\n \t\n\n<li><b>Microsoft Office Extended<\/b>\nIn der heutigen Welt kommt man an Microsoft Office kaum mehr vorbei. Oft wird Microsoft Office als langweiliges Mittel zum Zweck gesehen. Jedoch kann man schnell und einfach verschiedenste Aufgaben und Probleme effiziente und wirkungsvolle l\u00f6en. Es gibt hier viele kreative M\u00f6glichkeiten, um zum Beispiel f\u00fcr ein Unternehmen n\u00f6tige Dokumente zu erstellen.<\/li>\n\n\n<\/ul>\n\n\n\n\n\n<hr \/>\n\n\n\n--><\/p>\n<h2 id=\"C\">INFORMATIK: Coding und Robotik<\/h2>\n<p>W\u00e4hlbar f\u00fcr alle Sch\u00fcler:innen der 6. &#8211; 8. Klassen<\/p>\n<ul>\n<li><b>Grundlagen der Programmierung<\/b><br \/>\nKlassen, Objekte, Eigenschaften \/ Attribute, Methoden, Algorithmen, Schleifen, bedingte Anweisungen, Variablen, Prozeduren, Rechnen mit Dualzahlen, Datentypen, Operatoren, Arrays, Klassifizierung von Programmiersprachen, <strong><em>Batchdateien<\/em><\/strong> (Batch Befehle, kleine Spiele erstellen), <strong><em>Virtuelle Maschinen<\/em><\/strong> mit der Virtualisierungssoftware Virtual Box erstellen<\/li>\n<li><b>Rechtsgrundlagen \u201eK\u00fcnstliche Intelligenz und Robotik\u201c<\/b><br \/>\nvertragsrechtliche Fragestellungen, Urheber- und Patentrecht, datenschutzrechtliche Herausforderungen, Rechtsfragen der Cyber-Sicherheit, zivilrechtliche Haftung, Verbraucherrecht, strafrechtliche Bedeutung, uvm.<\/li>\n<li><b>IT-Projektplanung<\/b><br \/>\nEin Raspberry Pi Projekt von der ersten Idee bis zur Fertigstellung unter Einsatz der entsprechenden Hilfsmittel (Ablaufplan, Datenflussdiagramm, Struktogramm, Pseudocode, Entscheidungstabellen,\u2026) planen.<br \/>\nWas soll das Ziel sein? Wie komme ich zum Ziel? Was sind die einzelnen Schritte? Wie lange dauern die einzelnen Schritte?<\/li>\n<li><b>Programmieren<\/b><br \/>\nProgrammiersprachen <strong><em>Scratch<\/em><\/strong> und <strong><em>Python<\/em><\/strong> (Beispiele: Spiel Pong, Galgenm\u00e4nnchen, Labyrinth, Temperaturumwandler, Schere Stein Papier, M\u00fcnzwurf, Schulnoten als Text ausgeben, Warenkorb f\u00fcr einen Onlineshop, uvm.<br \/>\nProgrammieren mit <strong><em>Lego Mindstorms EV3<\/em><\/strong> und <strong><em>Raspberry Pi<\/em><\/strong> (Projekt aus Punkt IT-Projektplanung)<\/li>\n<\/ul>\n<p>&nbsp;<br \/>\n&nbsp;<br \/>\n&nbsp;<br \/>\n&nbsp;<br \/>\nHier eine Auflistung aller Informatik-Angebote am BRG VBS 14.<\/p>\n<ul>\n<li><a href=\"https:\/\/www.brg14.at\/?page_id=13509\">Digitale Grundbildung<\/a><\/li>\n<li><a href=\"https:\/\/www.brg14.at\/?page_id=13503\">Pflichtfach Informatik<\/a><\/li>\n<li><a href=\"https:\/\/www.brg14.at\/?page_id=13498\">Wahlpflichtfach Informatik<\/a><\/li>\n<li><a href=\"https:\/\/www.brg14.at\/?page_id=4244\">Schwerpunkt Laptop-Klasse<\/a><\/li>\n<li><a href=\"http:\/\/www.brg14.at\/wp-content\/uploads\/EDV-Nutzungsordnung-v002.pdf\" data-wplink-edit=\"true\">EDV-Nutzungsordnung<\/a><\/li>\n<\/ul>\n<p>Bei Fragen rund um den Informatik-Unterricht oder die Informatik-Angebote, kann man jederzeit ein E-Mail an folgende Adresse schicken: <a href=\"mailto:edv@brg14.at\">edv@brg14.at<\/a>.<\/p>\n","protected":false},"excerpt":{"rendered":"<p>INFORMATIK: Coding und Robotik W\u00e4hlbar f\u00fcr alle Sch\u00fcler:innen der 6. &#8211; 8. Klassen Grundlagen der Programmierung Klassen, Objekte, Eigenschaften \/ Attribute, Methoden, Algorithmen, Schleifen, bedingte Anweisungen, Variablen, Prozeduren, Rechnen mit Dualzahlen, Datentypen, Operatoren, Arrays, Klassifizierung von Programmiersprachen, Batchdateien (Batch Befehle, &hellip; <a class=\"more-link\" href=\"https:\/\/www.brg14.at\/?page_id=13498\">WEITERLESEN &#8230;<\/a><\/p>\n","protected":false},"author":2,"featured_media":0,"parent":0,"menu_order":0,"comment_status":"closed","ping_status":"closed","template":"","meta":{"ngg_post_thumbnail":0,"footnotes":""},"class_list":["post-13498","page","type-page","status-publish","hentry"],"_links":{"self":[{"href":"https:\/\/www.brg14.at\/index.php?rest_route=\/wp\/v2\/pages\/13498","targetHints":{"allow":["GET"]}}],"collection":[{"href":"https:\/\/www.brg14.at\/index.php?rest_route=\/wp\/v2\/pages"}],"about":[{"href":"https:\/\/www.brg14.at\/index.php?rest_route=\/wp\/v2\/types\/page"}],"author":[{"embeddable":true,"href":"https:\/\/www.brg14.at\/index.php?rest_route=\/wp\/v2\/users\/2"}],"replies":[{"embeddable":true,"href":"https:\/\/www.brg14.at\/index.php?rest_route=%2Fwp%2Fv2%2Fcomments&post=13498"}],"version-history":[{"count":83,"href":"https:\/\/www.brg14.at\/index.php?rest_route=\/wp\/v2\/pages\/13498\/revisions"}],"predecessor-version":[{"id":16727,"href":"https:\/\/www.brg14.at\/index.php?rest_route=\/wp\/v2\/pages\/13498\/revisions\/16727"}],"wp:attachment":[{"href":"https:\/\/www.brg14.at\/index.php?rest_route=%2Fwp%2Fv2%2Fmedia&parent=13498"}],"curies":[{"name":"wp","href":"https:\/\/api.w.org\/{rel}","templated":true}]}}