{"id":15027,"date":"2023-09-18T14:16:51","date_gmt":"2023-09-18T12:16:51","guid":{"rendered":"http:\/\/www.brg14.at\/?page_id=15027"},"modified":"2025-10-17T17:19:22","modified_gmt":"2025-10-17T15:19:22","slug":"die-individuelle-lernbegleitung-ilb","status":"publish","type":"page","link":"https:\/\/www.brg14.at\/?page_id=15027","title":{"rendered":"Die individuelle Lernbegleitung (ILB)"},"content":{"rendered":"<p>Die ILB ist eine ab dem Schuljahr 2023\/24 angebotene <b>Ma\u00dfnahme zur Unterst\u00fctzung und Begleitung<\/b> von Sch\u00fcler:innen der <b>6. bis 8. Klasse<\/b> mit <b>Lernr\u00fcckst\u00e4nden- und\/oder Lernschw\u00e4chen<\/b>.<br \/>\nDas Augenmerk gilt dabei in erster Linie dem Lernprozess, d.h. ILB ist keine klassische Nachhilfe, sondern bietet <b>Unterst\u00fctzung bei der Gestaltung von Lernprozessen<\/b>. Die ILB soll als <b>Hilfe zur Selbsthilfe<\/b> verstanden werden.<\/p>\n<p><b>Ausgangssituation<\/b> f\u00fcr die ILB ist die <b>Feststellung von Leistungsdefiziten<\/b> im Rahmen des Fr\u00fchwarnsystems oder zu einem sp\u00e4teren Zeitpunkt.<\/p>\n<ul>\n<li>Sie ist zeitlich begrenzt sowie ziel-, l\u00f6sungs- und ressourcenorientiert. Besonders ber\u00fccksichtigt werden die individuellen St\u00e4rken und der Entwicklungsbedarf der Lernenden.<\/li>\n<li>Die Lernbegleiterin\/der Lernbegleiter und die\/der Lernende vereinbaren Lernziele und arbeiten gemeinsam an L\u00f6sungs- und Umsetzungsstrategien.<\/li>\n<li>Durch die ILB sollen Lernerfolge bewusst gemacht und eine positive Weiterentwicklung im Prozess in Gang gesetzt werden.<\/li>\n<li>Die ILB ist \u2013 im Gegensatz zum F\u00f6rderunterricht \u2013 gegenstandsunabh\u00e4ngig.<\/li>\n<\/ul>\n<p>&nbsp;<\/p>\n<p><b>Ablauf<\/b>:<\/p>\n<ul>\n<li><b>Fr\u00fchwarnung<\/b> als Ausl\u00f6ser<\/li>\n<li><b>Abkl\u00e4rung<\/b>, ob ILB zweckm\u00e4\u00dfig erscheint<\/li>\n<li>Kontaktaufnahme zwischen ILB-Lehrer:innen und Sch\u00fcler:in<\/li>\n<li><b>Betrauung<\/b> der ILB durch die Direktion \u2013 Verpflichtende Teilnahme an den Beratungsgespr\u00e4chen, sonst Verlust des Betreuungsanspruchs<\/li>\n<li><b>Phase der Lernbegleitung<\/b>, Unterst\u00fctzung \u2013 Gespr\u00e4che finden au\u00dferhalb der Unterrichtszeit statt<\/li>\n<li><b>Beendigung bei Erreichung der Zielvereinbarungen<\/b> (oder zu erwartender Erfolglosigkeit)<\/li>\n<\/ul>\n<p>&nbsp;<\/p>\n<p><b>Ausgebildete ILB-Lehrer:innen am BRG 14 sind<\/b>:<\/p>\n<ul>\n<li>Christine Gamel<\/li>\n<li>Henriette Schuller<\/li>\n<li>Andreas Tallian<\/li>\n<li>Christoph Wichtl<\/li>\n<\/ul>\n","protected":false},"excerpt":{"rendered":"<p>Die ILB ist eine ab dem Schuljahr 2023\/24 angebotene Ma\u00dfnahme zur Unterst\u00fctzung und Begleitung von Sch\u00fcler:innen der 6. bis 8. Klasse mit Lernr\u00fcckst\u00e4nden- und\/oder Lernschw\u00e4chen. Das Augenmerk gilt dabei in erster Linie dem Lernprozess, d.h. ILB ist keine klassische Nachhilfe, &hellip; <a class=\"more-link\" href=\"https:\/\/www.brg14.at\/?page_id=15027\">WEITERLESEN &#8230;<\/a><\/p>\n","protected":false},"author":2,"featured_media":0,"parent":0,"menu_order":0,"comment_status":"closed","ping_status":"closed","template":"","meta":{"ngg_post_thumbnail":0,"footnotes":""},"class_list":["post-15027","page","type-page","status-publish","hentry"],"_links":{"self":[{"href":"https:\/\/www.brg14.at\/index.php?rest_route=\/wp\/v2\/pages\/15027","targetHints":{"allow":["GET"]}}],"collection":[{"href":"https:\/\/www.brg14.at\/index.php?rest_route=\/wp\/v2\/pages"}],"about":[{"href":"https:\/\/www.brg14.at\/index.php?rest_route=\/wp\/v2\/types\/page"}],"author":[{"embeddable":true,"href":"https:\/\/www.brg14.at\/index.php?rest_route=\/wp\/v2\/users\/2"}],"replies":[{"embeddable":true,"href":"https:\/\/www.brg14.at\/index.php?rest_route=%2Fwp%2Fv2%2Fcomments&post=15027"}],"version-history":[{"count":6,"href":"https:\/\/www.brg14.at\/index.php?rest_route=\/wp\/v2\/pages\/15027\/revisions"}],"predecessor-version":[{"id":16349,"href":"https:\/\/www.brg14.at\/index.php?rest_route=\/wp\/v2\/pages\/15027\/revisions\/16349"}],"wp:attachment":[{"href":"https:\/\/www.brg14.at\/index.php?rest_route=%2Fwp%2Fv2%2Fmedia&parent=15027"}],"curies":[{"name":"wp","href":"https:\/\/api.w.org\/{rel}","templated":true}]}}