{"id":16484,"date":"2025-10-01T22:04:55","date_gmt":"2025-10-01T20:04:55","guid":{"rendered":"http:\/\/www.brg14.at\/?page_id=16484"},"modified":"2025-10-18T19:56:24","modified_gmt":"2025-10-18T17:56:24","slug":"simply-strong","status":"publish","type":"page","link":"https:\/\/www.brg14.at\/?page_id=16484","title":{"rendered":"Simply Strong"},"content":{"rendered":"<p>Simply Strong (by UNIQA) ist ein ganzheitliches Bewegungsprogramm, welches mehr Bewegung in den Schulalltag integrieren soll und auf drei S\u00e4ulen basiert:<\/p>\n<ol>\n<li>Vital4Brain st\u00e4rkt durch kurze \u00dcbungen die Konzentration und Lernf\u00e4higkeit<\/li>\n<li>Vital4Body unterst\u00fctzt eine k\u00f6rperliche Aktivierung und Fitness<\/li>\n<li>Vital4Heart f\u00f6rdert Achtsamkeit, Wohlbefinden und Entspannung<\/li>\n<\/ol>\n<p>Alle \u00dcbungen werden von unseren Peers zu Stundenbeginn angeleitet und lassen sich unkompliziert in den Unterricht integrieren. So entstehen kleine Bewegungspausen oder Momente der Entspannung, welche sich positiv auf die Konzentrations- und Lernf\u00e4higkeit der Sch\u00fcler:innen auswirkt und ihnen helfen sollen, fokussierter und ausgeglichener zu lernen.<\/p>\n<p>Damit das Programm gut umgesetzt werden kann, besuchen unsere Peers im Laufe ihrer Teilnahme in der Unverbindlichen \u00dcbung die Simply Strong Peer-Ausbildungstage in Mariazell.<\/p>\n\nngg_shortcode_0_placeholder\n\n\n<p>Lisa Wiesbauer und Helena Zott&nbsp;<\/p>\n[ Stand: 01.10.2025 ]","protected":false},"excerpt":{"rendered":"<p>Simply Strong (by UNIQA) ist ein ganzheitliches Bewegungsprogramm, welches mehr Bewegung in den Schulalltag integrieren soll und auf drei S\u00e4ulen basiert: Vital4Brain st\u00e4rkt durch kurze \u00dcbungen die Konzentration und Lernf\u00e4higkeit Vital4Body unterst\u00fctzt eine k\u00f6rperliche Aktivierung und Fitness Vital4Heart f\u00f6rdert Achtsamkeit, &hellip; <a class=\"more-link\" href=\"https:\/\/www.brg14.at\/?page_id=16484\">WEITERLESEN &#8230;<\/a><\/p>\n","protected":false},"author":2,"featured_media":0,"parent":0,"menu_order":0,"comment_status":"closed","ping_status":"closed","template":"","meta":{"ngg_post_thumbnail":0,"footnotes":""},"class_list":["post-16484","page","type-page","status-publish","hentry"],"_links":{"self":[{"href":"https:\/\/www.brg14.at\/index.php?rest_route=\/wp\/v2\/pages\/16484","targetHints":{"allow":["GET"]}}],"collection":[{"href":"https:\/\/www.brg14.at\/index.php?rest_route=\/wp\/v2\/pages"}],"about":[{"href":"https:\/\/www.brg14.at\/index.php?rest_route=\/wp\/v2\/types\/page"}],"author":[{"embeddable":true,"href":"https:\/\/www.brg14.at\/index.php?rest_route=\/wp\/v2\/users\/2"}],"replies":[{"embeddable":true,"href":"https:\/\/www.brg14.at\/index.php?rest_route=%2Fwp%2Fv2%2Fcomments&post=16484"}],"version-history":[{"count":7,"href":"https:\/\/www.brg14.at\/index.php?rest_route=\/wp\/v2\/pages\/16484\/revisions"}],"predecessor-version":[{"id":16639,"href":"https:\/\/www.brg14.at\/index.php?rest_route=\/wp\/v2\/pages\/16484\/revisions\/16639"}],"wp:attachment":[{"href":"https:\/\/www.brg14.at\/index.php?rest_route=%2Fwp%2Fv2%2Fmedia&parent=16484"}],"curies":[{"name":"wp","href":"https:\/\/api.w.org\/{rel}","templated":true}]}}