{"id":16679,"date":"2025-11-03T00:29:13","date_gmt":"2025-11-02T22:29:13","guid":{"rendered":"http:\/\/www.brg14.at\/?page_id=16679"},"modified":"2025-11-03T00:29:13","modified_gmt":"2025-11-02T22:29:13","slug":"geschichte-und-politische-bildung","status":"publish","type":"page","link":"https:\/\/www.brg14.at\/?page_id=16679","title":{"rendered":"Geschichte und Politische Bildung"},"content":{"rendered":"\n<p>Im Fach <em>Geschichte und Politische Bildung<\/em> erwerben unsere Sch\u00fcler:innen Verst\u00e4ndnis f\u00fcr historische Ereignisse, politische Systeme und gesellschaftliche Prozesse. Sie sollen lernen, kritisch zu denken, Quellen zu analysieren und historische Ereignisse in ihren Kontext einzuordnen. Mit verschiedenen Methoden wird dabei versucht, die geschichtliche Entwicklung aufzubereiten und einen \u00dcberblick von den ersten Zelten der Steinzeitmenschen bis zum heutigen Wahlsystem in \u00d6sterreich zu vermitteln.<\/p>\n\n\n\n<p>Der Geschichtsunterricht beginnt am BRG14 in der 2. Klasse. Von der 2. bis zur 7. Klasse wird in je 2 Wochenstunden gearbeitet, in der 8. Klasse hat man dann 1 Wochenstunde. In der 4. Klasse besuchen die Sch\u00fcler:innen eine Gedenkst\u00e4tte f\u00fcr Opfer des Nationalsozialismus, zum Beispiel das KZ Mauthausen oder die Anstalt \u201eAm Spiegelgrund\u201c.<\/p>\n\n\n\n<p>Im Zeitalter der Globalisierung und des schnellen Wandels ist es wichtiger denn je, dass unsere Sch\u00fcler:innen die Fertigkeiten erwerben, die Vergangenheit zu verstehen und die Gegenwart zu reflektieren. So k\u00f6nnen sie auch die Zukunft mitgestalten!<\/p>\n","protected":false},"excerpt":{"rendered":"<p>Im Fach Geschichte und Politische Bildung erwerben unsere Sch\u00fcler:innen Verst\u00e4ndnis f\u00fcr historische Ereignisse, politische Systeme und gesellschaftliche Prozesse. Sie sollen lernen, kritisch zu denken, Quellen zu analysieren und historische Ereignisse in ihren Kontext einzuordnen. Mit verschiedenen Methoden wird dabei versucht, &hellip; <a class=\"more-link\" href=\"https:\/\/www.brg14.at\/?page_id=16679\">WEITERLESEN &#8230;<\/a><\/p>\n","protected":false},"author":2,"featured_media":0,"parent":0,"menu_order":0,"comment_status":"closed","ping_status":"closed","template":"","meta":{"ngg_post_thumbnail":0,"footnotes":""},"class_list":["post-16679","page","type-page","status-publish","hentry"],"_links":{"self":[{"href":"https:\/\/www.brg14.at\/index.php?rest_route=\/wp\/v2\/pages\/16679","targetHints":{"allow":["GET"]}}],"collection":[{"href":"https:\/\/www.brg14.at\/index.php?rest_route=\/wp\/v2\/pages"}],"about":[{"href":"https:\/\/www.brg14.at\/index.php?rest_route=\/wp\/v2\/types\/page"}],"author":[{"embeddable":true,"href":"https:\/\/www.brg14.at\/index.php?rest_route=\/wp\/v2\/users\/2"}],"replies":[{"embeddable":true,"href":"https:\/\/www.brg14.at\/index.php?rest_route=%2Fwp%2Fv2%2Fcomments&post=16679"}],"version-history":[{"count":1,"href":"https:\/\/www.brg14.at\/index.php?rest_route=\/wp\/v2\/pages\/16679\/revisions"}],"predecessor-version":[{"id":16680,"href":"https:\/\/www.brg14.at\/index.php?rest_route=\/wp\/v2\/pages\/16679\/revisions\/16680"}],"wp:attachment":[{"href":"https:\/\/www.brg14.at\/index.php?rest_route=%2Fwp%2Fv2%2Fmedia&parent=16679"}],"curies":[{"name":"wp","href":"https:\/\/api.w.org\/{rel}","templated":true}]}}