{"id":16683,"date":"2025-11-03T00:35:32","date_gmt":"2025-11-02T22:35:32","guid":{"rendered":"http:\/\/www.brg14.at\/?page_id=16683"},"modified":"2025-11-03T00:35:32","modified_gmt":"2025-11-02T22:35:32","slug":"englisch-als-erste-lebende-fremdsprache","status":"publish","type":"page","link":"https:\/\/www.brg14.at\/?page_id=16683","title":{"rendered":"Englisch als erste lebende Fremdsprache"},"content":{"rendered":"\n<p>Der Unterricht in Englisch als erste lebende Fremdsprache zielt darauf ab, unseren Sch\u00fcler:innen durch den Erwerb der im Lehrplan beschriebenen Kompetenzen in den Bereichen H\u00f6ren, Lesen, Sprechen und Schreiben sowie vieler f\u00e4cher\u00fcbergreifender Kompetenzen einen Schl\u00fcssel (Key) zu geben, mit dem sie das Tor zur Welt \u00f6ffnen k\u00f6nnen: communicative skills.<\/p>\n\n\n\n<p>Wir begleiten und leiten diesen Weg durch Methodenvielfalt, den Einsatz vielf\u00e4ltiger Medien, Forderung und F\u00f6rderung \u2013 und es bereitet uns Freude und macht uns stolz, unseren Sch\u00fcler:innen bei der Entwicklung ihrer sprachlichen F\u00e4higkeiten zur Seite zu stehen.<\/p>\n\n\n\n<p>We are happy to be part of your journey &#8211; welcome on board!<\/p>\n","protected":false},"excerpt":{"rendered":"<p>Der Unterricht in Englisch als erste lebende Fremdsprache zielt darauf ab, unseren Sch\u00fcler:innen durch den Erwerb der im Lehrplan beschriebenen Kompetenzen in den Bereichen H\u00f6ren, Lesen, Sprechen und Schreiben sowie vieler f\u00e4cher\u00fcbergreifender Kompetenzen einen Schl\u00fcssel (Key) zu geben, mit dem &hellip; <a class=\"more-link\" href=\"https:\/\/www.brg14.at\/?page_id=16683\">WEITERLESEN &#8230;<\/a><\/p>\n","protected":false},"author":2,"featured_media":0,"parent":0,"menu_order":0,"comment_status":"closed","ping_status":"closed","template":"","meta":{"ngg_post_thumbnail":0,"footnotes":""},"class_list":["post-16683","page","type-page","status-publish","hentry"],"_links":{"self":[{"href":"https:\/\/www.brg14.at\/index.php?rest_route=\/wp\/v2\/pages\/16683","targetHints":{"allow":["GET"]}}],"collection":[{"href":"https:\/\/www.brg14.at\/index.php?rest_route=\/wp\/v2\/pages"}],"about":[{"href":"https:\/\/www.brg14.at\/index.php?rest_route=\/wp\/v2\/types\/page"}],"author":[{"embeddable":true,"href":"https:\/\/www.brg14.at\/index.php?rest_route=\/wp\/v2\/users\/2"}],"replies":[{"embeddable":true,"href":"https:\/\/www.brg14.at\/index.php?rest_route=%2Fwp%2Fv2%2Fcomments&post=16683"}],"version-history":[{"count":1,"href":"https:\/\/www.brg14.at\/index.php?rest_route=\/wp\/v2\/pages\/16683\/revisions"}],"predecessor-version":[{"id":16684,"href":"https:\/\/www.brg14.at\/index.php?rest_route=\/wp\/v2\/pages\/16683\/revisions\/16684"}],"wp:attachment":[{"href":"https:\/\/www.brg14.at\/index.php?rest_route=%2Fwp%2Fv2%2Fmedia&parent=16683"}],"curies":[{"name":"wp","href":"https:\/\/api.w.org\/{rel}","templated":true}]}}