{"id":16700,"date":"2025-11-07T09:28:36","date_gmt":"2025-11-07T07:28:36","guid":{"rendered":"http:\/\/www.brg14.at\/?page_id=16700"},"modified":"2025-11-07T09:29:54","modified_gmt":"2025-11-07T07:29:54","slug":"wpf-franzoesisch","status":"publish","type":"page","link":"https:\/\/www.brg14.at\/?page_id=16700","title":{"rendered":"WPF Franz\u00f6sisch"},"content":{"rendered":"\n<p>Als Vertiefung des Franz\u00f6sisch-Regelunterrichts kann das <strong>1-j\u00e4hrige Wahlpflichtfach Franz\u00f6sisch<\/strong> in der Oberstufe (6.\/7. Klasse) gew\u00e4hlt werden.<\/p>\n\n\n\n<p>F\u00fcr unsere Oberstufensch\u00fcler:innen des REALGYMNASIUMS bieten wir ein <strong>3-j\u00e4hriges Wahlpflichtfach Franz\u00f6sisch<\/strong> (ohne Vorkenntnisse) an, das m\u00fcndlich auch auf Sprachniveau A2 maturabel ist.<\/p>\n\n\n\n<p><strong>Aktivit\u00e4ten und Projekte<\/strong><\/p>\n\n\n\n<ul class=\"wp-block-list\"><li>Lehrausg\u00e4nge (Kino-, Theaterbesuche, etc.)<\/li><li>Begleitung durch unsere Fremdspracheassistenten\/-innen<\/li><li>Bei Bedarf und auf Wunsch \u2013 Sprachtraining vor Schularbeiten<\/li><\/ul>\n","protected":false},"excerpt":{"rendered":"<p>Als Vertiefung des Franz\u00f6sisch-Regelunterrichts kann das 1-j\u00e4hrige Wahlpflichtfach Franz\u00f6sisch in der Oberstufe (6.\/7. Klasse) gew\u00e4hlt werden. F\u00fcr unsere Oberstufensch\u00fcler:innen des REALGYMNASIUMS bieten wir ein 3-j\u00e4hriges Wahlpflichtfach Franz\u00f6sisch (ohne Vorkenntnisse) an, das m\u00fcndlich auch auf Sprachniveau A2 maturabel ist. Aktivit\u00e4ten und &hellip; <a class=\"more-link\" href=\"https:\/\/www.brg14.at\/?page_id=16700\">WEITERLESEN &#8230;<\/a><\/p>\n","protected":false},"author":2,"featured_media":0,"parent":0,"menu_order":0,"comment_status":"closed","ping_status":"closed","template":"","meta":{"ngg_post_thumbnail":0,"footnotes":""},"class_list":["post-16700","page","type-page","status-publish","hentry"],"_links":{"self":[{"href":"https:\/\/www.brg14.at\/index.php?rest_route=\/wp\/v2\/pages\/16700","targetHints":{"allow":["GET"]}}],"collection":[{"href":"https:\/\/www.brg14.at\/index.php?rest_route=\/wp\/v2\/pages"}],"about":[{"href":"https:\/\/www.brg14.at\/index.php?rest_route=\/wp\/v2\/types\/page"}],"author":[{"embeddable":true,"href":"https:\/\/www.brg14.at\/index.php?rest_route=\/wp\/v2\/users\/2"}],"replies":[{"embeddable":true,"href":"https:\/\/www.brg14.at\/index.php?rest_route=%2Fwp%2Fv2%2Fcomments&post=16700"}],"version-history":[{"count":3,"href":"https:\/\/www.brg14.at\/index.php?rest_route=\/wp\/v2\/pages\/16700\/revisions"}],"predecessor-version":[{"id":16705,"href":"https:\/\/www.brg14.at\/index.php?rest_route=\/wp\/v2\/pages\/16700\/revisions\/16705"}],"wp:attachment":[{"href":"https:\/\/www.brg14.at\/index.php?rest_route=%2Fwp%2Fv2%2Fmedia&parent=16700"}],"curies":[{"name":"wp","href":"https:\/\/api.w.org\/{rel}","templated":true}]}}