{"id":16894,"date":"2026-02-11T10:41:51","date_gmt":"2026-02-11T08:41:51","guid":{"rendered":"https:\/\/www.brg14.at\/?page_id=16894"},"modified":"2026-02-11T10:52:01","modified_gmt":"2026-02-11T08:52:01","slug":"qsk","status":"publish","type":"page","link":"https:\/\/www.brg14.at\/?page_id=16894","title":{"rendered":"QSK"},"content":{"rendered":"\n<p>Das Qualit\u00e4tsmanagement an Schulen hat das Ziel, die Qualit\u00e4t des Unterrichts, das Lernen und das schulische Miteinander fortlaufend zu evaluieren und weiterzuentwickeln. In regelm\u00e4\u00dfigen Abst\u00e4nden wird daher \u00fcberlegt, was noch verbessert werden k\u00f6nnte an unserer Schule. Ein wertsch\u00e4tzender Umgang in der Schulgemeinschaft und die Entwicklung der Lehrmethoden werden dabei ebenso im Blick behalten wie die Fortbildung der Lehrkr\u00e4fte und Evaluationsprozesse.<\/p>\n\n\n\n<p>Definition des Qualit\u00e4tsmanagements durch das Ministerium: <a href=\"https:\/\/www.bmb.gv.at\/Themen\/schule\/bef\/qum.html\" target=\"_blank\" rel=\"noreferrer noopener\">https:\/\/www.bmb.gv.at\/Themen\/schule\/bef\/qum.html<\/a><\/p>\n\n\n\n<p><\/p>\n\n\n\n<p><u>Der Schulentwicklungsplan<\/u><\/p>\n\n\n\n<p>Damit die Sch\u00fclerinnen und Sch\u00fcler die bestm\u00f6glichen Lernbedingungen vorfinden, werden immer wieder Themen aufgegriffen und im Schulentwicklungsplan (SEP) festgehalten, wie wir diesen Aspekt in unserer Schule verbessern wollen. Dabei werden jeweils verschiedene Teile des Qualit\u00e4tsrahmens f\u00fcr Schulen (Bereiche Qualit\u00e4tsmanagement, F\u00fchren und Leiten, Lernen und Lehren und Au\u00dfenbeziehungen) behandelt.<\/p>\n\n\n\n<p>Ausf\u00fchrliche Beschreibung des Qualit\u00e4tsrahmens: <a href=\"https:\/\/www.qms.at\/qualitaetsrahmen\" target=\"_blank\" rel=\"noreferrer noopener\">https:\/\/www.qms.at\/qualitaetsrahmen<\/a><\/p>\n\n\n\n<p>F\u00fcr die Laufzeit 2021\/22-2024\/25 wurden f\u00fcr den Plan die Ziele <em>Leitbilderstellung<\/em> und <em>Laptopeinsatz im Unterrich<\/em>t gew\u00e4hlt. Der neue Schulentwicklungsplan, der im Schuljahr 2025\/26 beginnt, befasst sich mit folgenden Themen:<\/p>\n\n\n<ol>\n<li><b>Sicherheit und Wohlbefinden in der Schule<\/b><br \/>\nDas Ziel ist es, f\u00fcr alle m\u00f6glichen Situationen ger\u00fcstet zu sein, wie zum Beispiel Blackout, Feuer, Angriffe, usw. Diese Pl\u00e4ne bestehen zum Teil schon und k\u00f6nnen nur \u00fcberarbeitet bzw. angepasst und erprobt werden. Au\u00dferdem geh\u00f6rt zur Sicherheit in der Schule auch das friedliche Miteinander der Sch\u00fclerinnen und Sch\u00fcler, daher werden auch Kinderschutz und Mobbing ein wichtiger Bereich des SEPs sein.<\/li>\n<li><b>K\u00fcnstliche Intelligenz im Unterricht<\/b><br \/>\nDas Thema KI ist mit Gefahren und mit Chancen verbunden. Viele Lehrkr\u00e4fte begr\u00fc\u00dfen genauso wie die Sch\u00fcler:innen die neuen M\u00f6glichkeiten, die sich bei Unterrichtsvorbereitung und Haus\u00fcbungen bieten, da k\u00f6nnen mithilfe von Fortbildungen und Materialsammlungen Ideen zusammengetragen werden. Gleichzeitig geht es nun darum, die Sch\u00fcler:innen trotzdem zu eigenst\u00e4ndigem Arbeiten zu erziehen und Regeln festzulegen, inwiefern KI bei Haus\u00fcbungen eingesetzt werden darf.<\/li>\n<\/ol>\n<p>Hinweis f\u00fcr Lehrkr\u00e4fte: Der SEP findet sich auf der Wissensplattform!<\/p>\n<!-- \/wp:post-content -->\n\n<!-- wp:paragraph -->\n<p>Vorgaben f\u00fcr den Schulentwicklungsplan: <a href=\"https:\/\/www.qms.at\/ueber-qms\/qms-modell-und-instrumente\/sep-2\" target=\"_blank\" rel=\"noreferrer noopener\">https:\/\/www.qms.at\/ueber-qms\/qms-modell-und-instrumente\/sep-2<\/a><\/p>\n<!-- \/wp:paragraph -->\n\n<!-- wp:paragraph -->\n<p><\/p>\n<!-- \/wp:paragraph -->\n\n<!-- wp:paragraph -->\n<p><u>Das Leitbild<\/u><\/p>\n<!-- \/wp:paragraph -->\n\n<!-- wp:paragraph -->\n<p>Als Teil des Schulentwicklungsplans 2021\/22-2024\/25 wurde das Leitbild \u00fcber mehrere Jahre hinweg erarbeitet. Die Werte, die das Leitbild beinhaltet, haben die Lehrkr\u00e4fte an einem P\u00e4dagogischen Nachmittag in Teams erarbeitet, die Idee der grafischen Umsetzung als Baum wurde dabei von einer Gruppe ausgearbeitet und in einer Abstimmung aller Lehrkr\u00e4fte als Sieger unter verschiedenen Vorschl\u00e4gen ausgew\u00e4hlt. Das ausformulierte, schriftliche Leitbild wurde in Absprache mit den Eltern, Sch\u00fcler:innen und Lehrkr\u00e4ften erstellt. Das fertige schriftliche Leitbild findet sich auf der Homepage, es wird im Moment auch noch ein Wandbild vorbereitet, um dem ausgew\u00e4hlten Motiv des Baumes Raum zu geben.<\/p>\n<!-- \/wp:paragraph -->\n\n<!-- wp:paragraph -->\n<p><\/p>\n<!-- \/wp:paragraph -->\n\n<!-- wp:paragraph -->\n<p><u>Das Q-Handbuch<\/u><\/p>\n<!-- \/wp:paragraph -->\n\n<!-- wp:paragraph -->\n<p>Alle Schulen haben den Auftrag erhalten, ein Q-Handbuch zu erstellen, das die wichtigsten Prozesse im Schulleben abbildet. Darunter fallen zum Beispiel die Eintragung von Noten, das Vorgehen bei Fr\u00fchwarnungen, usw. Diese Prozesse werden bei uns in einem digitalen Q-Handbuch abgebildet: Der Wissensplattform auf Moodle. F\u00fcr die Lehrkr\u00e4fte gibt es die interne Wissensplattform, Eltern und Lehrkr\u00e4fte finden eine eigene Wissensplattform vor, mit genauen Informationen und Dokumentationen, wie man sich zum Beispiel f\u00fcr Elternabende anmeldet oder Mailprogramme mit der Schulmailadresse verlinkt.<\/p>\n<!-- \/wp:paragraph -->\n\n<!-- wp:paragraph -->\n<p>Das \u201eHandbuch\u201c in Form der Wissensplattform wird laufend erg\u00e4nzt und \u00fcberarbeitet.<\/p>\n<!-- \/wp:paragraph -->\n\n<!-- wp:paragraph -->\n<p>Informationen zu den Vorgaben f\u00fcr das Q-Handbuch: <a href=\"https:\/\/www.qms.at\/ueber-qms\/qms-modell-und-instrumente\/q-handbuch\" target=\"_blank\" rel=\"noreferrer noopener\">https:\/\/www.qms.at\/ueber-qms\/qms-modell-und-instrumente\/q-handbuch<\/a><\/p>\n<!-- \/wp:paragraph -->\n\n<!-- wp:paragraph -->\n<p><\/p>\n<!-- \/wp:paragraph -->\n\n<!-- wp:paragraph -->\n<p><em>Ideen f\u00fcr die Schulentwicklung? Her damit!<\/em><\/p>\n<!-- \/wp:paragraph -->\n\n<!-- wp:paragraph -->\n<p>Wenn jemand neue Ideen hat, mit welchen Aspekten oder Themen sich die Schulentwicklung auseinandersetzen sollte, dann teilt uns das gerne mit! Schreibt uns ein Mail:<\/p>\n<!-- \/wp:paragraph -->\n\n<!-- wp:paragraph -->\n<p>Mag. Janine Mittelmayer (QSK): janine.mittelmayer@brg14.at<\/p>\n<!-- \/wp:paragraph -->\n\n<!-- wp:paragraph -->\n<p>Mag. Michael Auer (Direktor): michael.auer@brg14.at<\/p>\n<!-- \/wp:paragraph -->\n\n<!-- wp:paragraph -->\n<p><\/p>\n<!-- \/wp:paragraph -->","protected":false},"excerpt":{"rendered":"<p>Das Qualit\u00e4tsmanagement an Schulen hat das Ziel, die Qualit\u00e4t des Unterrichts, das Lernen und das schulische Miteinander fortlaufend zu evaluieren und weiterzuentwickeln. In regelm\u00e4\u00dfigen Abst\u00e4nden wird daher \u00fcberlegt, was noch verbessert werden k\u00f6nnte an unserer Schule. Ein wertsch\u00e4tzender Umgang in &hellip; <a class=\"more-link\" href=\"https:\/\/www.brg14.at\/?page_id=16894\">WEITERLESEN &#8230;<\/a><\/p>\n","protected":false},"author":2,"featured_media":0,"parent":0,"menu_order":0,"comment_status":"closed","ping_status":"closed","template":"","meta":{"ngg_post_thumbnail":0,"footnotes":""},"class_list":["post-16894","page","type-page","status-publish","hentry"],"_links":{"self":[{"href":"https:\/\/www.brg14.at\/index.php?rest_route=\/wp\/v2\/pages\/16894","targetHints":{"allow":["GET"]}}],"collection":[{"href":"https:\/\/www.brg14.at\/index.php?rest_route=\/wp\/v2\/pages"}],"about":[{"href":"https:\/\/www.brg14.at\/index.php?rest_route=\/wp\/v2\/types\/page"}],"author":[{"embeddable":true,"href":"https:\/\/www.brg14.at\/index.php?rest_route=\/wp\/v2\/users\/2"}],"replies":[{"embeddable":true,"href":"https:\/\/www.brg14.at\/index.php?rest_route=%2Fwp%2Fv2%2Fcomments&post=16894"}],"version-history":[{"count":8,"href":"https:\/\/www.brg14.at\/index.php?rest_route=\/wp\/v2\/pages\/16894\/revisions"}],"predecessor-version":[{"id":16905,"href":"https:\/\/www.brg14.at\/index.php?rest_route=\/wp\/v2\/pages\/16894\/revisions\/16905"}],"wp:attachment":[{"href":"https:\/\/www.brg14.at\/index.php?rest_route=%2Fwp%2Fv2%2Fmedia&parent=16894"}],"curies":[{"name":"wp","href":"https:\/\/api.w.org\/{rel}","templated":true}]}}