{"id":4205,"date":"2013-07-15T23:54:27","date_gmt":"2013-07-15T21:54:27","guid":{"rendered":"http:\/\/www.datenjunkie.at\/?page_id=4205"},"modified":"2025-11-03T00:19:51","modified_gmt":"2025-11-02T22:19:51","slug":"vienna-biligual-schooling","status":"publish","type":"page","link":"https:\/\/www.brg14.at\/?page_id=4205","title":{"rendered":"Vienna Bilingual Schooling"},"content":{"rendered":"<p><a href=\"\/wp-content\/uploads\/fremdsprachenmodelle_logo_vbs.png\"><img loading=\"lazy\" decoding=\"async\" src=\"\/wp-content\/uploads\/fremdsprachenmodelle_logo_vbs-300x89.png\" width=\"300\" height=\"89\"\/><\/a><\/p>\n<h3><a href=\"http:\/\/www.brg14.at\/wp-content\/uploads\/Mission_statement_VBS.pdf\" target=\"_blank\" rel=\"noopener noreferrer\">Vision Statement Vienna Bilingual Schooling<\/a><\/h3>\n<p>&nbsp;<\/p>\n<h1>Wegweiser VBS Unterstufe<\/h1>\n<h2>\u00dcber die bilingualen Klassen des BRG VBS 14<\/h2>\n<p>Der Unterricht erfolgt durch deutschsprachige Lehrer:innen und im Ausma\u00df von 10 Stunden pro Woche auch durch englischsprachige Native Teacher. Durch die st\u00e4ndige Anwendung im Unterricht und im Schulalltag werden die Kenntnisse beider Sprachen vertieft. Der Lehrplan f\u00fcr Englisch entspricht dem f\u00fcr Deutsch (d.h. es gibt einen verst\u00e4rkten Fokus auf Literatur).<\/p>\n<p>Interkulturelles Lernen und Erziehung zu Toleranz und Weltoffenheit sind ein besonderer Schwerpunkt gerade in den bilingualen Klassen.<\/p>\n<h2>About Bilingual Schooling at BRG VBS 14<\/h2>\n<p>Subjects are taught in German and for 10 hours per week also with English-speaking Native teachers. The English curriculum is the same as the German curriculum (i.e. there is a stronger focus on literature).<\/p>\n<p>In the bilingual classes special emphasis is put on intercultural learning as well as education towards tolerance and open-mindedness.<\/p>\n<hr \/>\n<h2>Zielgruppe<\/h2>\n<p>Die Zielgruppen sind einerseits deutschsprachige Kinder, die gute Vorkenntnisse der englischen Sprache und besonderes Interesse und Freude am Erlernen des Englischen in einem immersiven Umfeld haben; vor allem auch Sch\u00fcler:innen die eine bilinguale Volksschule besucht haben.<\/p>\n<p>Andererseits Kinder, deren Mutter- bzw. Verkehrssprache Englisch ist und die deutsche Sprache gut beherrschen.<\/p>\n<h2>Target group<\/h2>\n<p>German speaking children who have good English skills and a particular interest in learning foreign languages and enhancing their English within a bilingual immersion programme, using English as a working language in Humanities and Sciences, especially children who attended a bilingual primary school.<\/p>\n<p>Children of English speaking parents who speak English as their mother tongue or as a language of communication and who have good German skills as well.<\/p>\n<hr \/>\n<h2>Voraussetzungen<\/h2>\n<p>Interessierte Sch\u00fcler:innen werden zun\u00e4chst zu einem Orientierungsgespr\u00e4ch eingeladen. Dieses dient zur Feststellung, ob das Kind die Voraussetzungen f\u00fcr die VBS-Klasse erbringt. Die Anmeldung zum Orientierungsgespr\u00e4ch erfolgt mit dem Anmeldeformular im <a href=\"http:\/\/www.brg14.at\/?page_id=4788\" target=\"_blank\" rel=\"noopener noreferrer\">Downloadbereich<\/a>.<\/p>\n<p>F\u00fcr am Englischen interessierte Kinder ohne besondere Vorkenntnisse steht die Klasse \u201eFocus English\u201c zur Verf\u00fcgung, f\u00fcr die kein Orientierungsgespr\u00e4ch, sondern nur ein Empfehlungsgespr\u00e4ch erforderlich ist.<\/p>\n<h2>Requirements<\/h2>\n<p>The first step towards enrolment in the bilingual class is an orientation talk. This serves to find out whether a child fulfils the requirements for the bilingual class. The form in the <a href=\"http:\/\/www.brg14.at\/?page_id=4788\" target=\"_blank\" rel=\"noopener noreferrer\">download center<\/a> needs to be filled in.<\/p>\n<p>Students that are interested in learning more English in an immersive environment, but do not meet the requirements for the VBS could opt for the \u201cFocus English\u201d class. It does not require an orientation talk, but a personal interview.<\/p>\n<p>&nbsp;<\/p>\n<h1>Orientation Talk<\/h1>\n<p>Alle Informationen zum Orientation Talk finden Sie <a href=\"https:\/\/www.brg14.at\/?page_id=13125\" target=\"_blank\" rel=\"noopener noreferrer\">hier<\/a><br \/>\n&nbsp;<\/p>\n<h1>Wegweiser VBS Oberstufe<\/h1>\n<p><a href=\"https:\/\/www.brg14.at\/?page_id=13125\" target=\"_blank\" rel=\"noopener noreferrer\">&nbsp;<\/a><\/p>\n<p>&nbsp;<\/p>\n<ul>\n<li><a href=\"http:\/\/www.brg14.at\/wp-content\/uploads\/Information-des-BRG-14-zum-Orientierungsgespraech-f\u00fcr-die-VBS.pdf\" target=\"_blank\" rel=\"noopener noreferrer\">Information des BRG VBS 14 zum Orientierungsgespr\u00e4ch f\u00fcr die VBS<\/a><\/li>\n<li><a href=\"http:\/\/www.brg14.at\/?page_id=4788\" target=\"_blank\" rel=\"noopener noreferrer\">Die Anmeldeformulare (deutsch und englisch) finden Sie im Downloadbereich<\/a><\/li>\n<\/ul>\n[ Mag. Wolfgang Widmer ]\n","protected":false},"excerpt":{"rendered":"<p>Vision Statement Vienna Bilingual Schooling &nbsp; Wegweiser VBS Unterstufe \u00dcber die bilingualen Klassen des BRG VBS 14 Der Unterricht erfolgt durch deutschsprachige Lehrer:innen und im Ausma\u00df von 10 Stunden pro Woche auch durch englischsprachige Native Teacher. Durch die st\u00e4ndige Anwendung &hellip; <a class=\"more-link\" href=\"https:\/\/www.brg14.at\/?page_id=4205\">WEITERLESEN &#8230;<\/a><\/p>\n","protected":false},"author":2,"featured_media":0,"parent":4234,"menu_order":0,"comment_status":"closed","ping_status":"closed","template":"","meta":{"ngg_post_thumbnail":0,"footnotes":""},"class_list":["post-4205","page","type-page","status-publish","hentry"],"_links":{"self":[{"href":"https:\/\/www.brg14.at\/index.php?rest_route=\/wp\/v2\/pages\/4205","targetHints":{"allow":["GET"]}}],"collection":[{"href":"https:\/\/www.brg14.at\/index.php?rest_route=\/wp\/v2\/pages"}],"about":[{"href":"https:\/\/www.brg14.at\/index.php?rest_route=\/wp\/v2\/types\/page"}],"author":[{"embeddable":true,"href":"https:\/\/www.brg14.at\/index.php?rest_route=\/wp\/v2\/users\/2"}],"replies":[{"embeddable":true,"href":"https:\/\/www.brg14.at\/index.php?rest_route=%2Fwp%2Fv2%2Fcomments&post=4205"}],"version-history":[{"count":30,"href":"https:\/\/www.brg14.at\/index.php?rest_route=\/wp\/v2\/pages\/4205\/revisions"}],"predecessor-version":[{"id":16677,"href":"https:\/\/www.brg14.at\/index.php?rest_route=\/wp\/v2\/pages\/4205\/revisions\/16677"}],"up":[{"embeddable":true,"href":"https:\/\/www.brg14.at\/index.php?rest_route=\/wp\/v2\/pages\/4234"}],"wp:attachment":[{"href":"https:\/\/www.brg14.at\/index.php?rest_route=%2Fwp%2Fv2%2Fmedia&parent=4205"}],"curies":[{"name":"wp","href":"https:\/\/api.w.org\/{rel}","templated":true}]}}