{"id":4208,"date":"2013-07-15T23:57:12","date_gmt":"2013-07-15T21:57:12","guid":{"rendered":"http:\/\/www.datenjunkie.at\/?page_id=4208"},"modified":"2013-07-15T23:57:12","modified_gmt":"2013-07-15T21:57:12","slug":"theater","status":"publish","type":"page","link":"https:\/\/www.brg14.at\/?page_id=4208","title":{"rendered":"Theater"},"content":{"rendered":"<p><a href=\"\/wp-content\/uploads\/fotos\/INTEAM-Logo.jpg\"><img loading=\"lazy\" decoding=\"async\" src=\"\/wp-content\/uploads\/fotos\/INTEAM-Logo-258x300.jpg\" alt=\"INTEAM-Logo\" width=\"258\" height=\"300\" class=\"aligncenter size-medium wp-image-4760\" srcset=\"https:\/\/www.brg14.at\/wp-content\/uploads\/fotos\/INTEAM-Logo-258x300.jpg 258w, https:\/\/www.brg14.at\/wp-content\/uploads\/fotos\/INTEAM-Logo-129x150.jpg 129w, https:\/\/www.brg14.at\/wp-content\/uploads\/fotos\/INTEAM-Logo-516x600.jpg 516w, https:\/\/www.brg14.at\/wp-content\/uploads\/fotos\/INTEAM-Logo.jpg 775w\" sizes=\"auto, (max-width: 258px) 100vw, 258px\" \/><\/a><\/p>\n<div align=\"center\">Kinder brauchen &#8222;Action&#8220;. Theater ist &#8222;Action&#8220;. &#8211;> Kinder brauchen Theater.<\/div>\n\n<table id=\"tablepress-17\" class=\"tablepress tablepress-id-17 tbody-has-connected-cells\">\n<tbody class=\"row-striping\">\n<tr class=\"row-1\">\n\t<td colspan=\"2\" class=\"column-1\">Theaterensemble 1: Bettler und Bosse<\/td>\n<\/tr>\n<tr class=\"row-2\">\n\t<td class=\"column-1\"><a href=\"\/wp-content\/uploads\/fotos\/Bettler_u_Bosse.jpg\"><img loading=\"lazy\" decoding=\"async\" src=\"\/wp-content\/uploads\/fotos\/Bettler_u_Bosse-212x300.jpg\" alt=\"BettlerundBosse homepageOK\" width=\"212\" height=\"300\" class=\"aligncenter size-medium wp-image-4759\" srcset=\"https:\/\/www.brg14.at\/wp-content\/uploads\/fotos\/Bettler_u_Bosse-212x300.jpg 212w, https:\/\/www.brg14.at\/wp-content\/uploads\/fotos\/Bettler_u_Bosse-106x150.jpg 106w, https:\/\/www.brg14.at\/wp-content\/uploads\/fotos\/Bettler_u_Bosse-424x600.jpg 424w, https:\/\/www.brg14.at\/wp-content\/uploads\/fotos\/Bettler_u_Bosse.jpg 1200w\" sizes=\"auto, (max-width: 212px) 100vw, 212px\" \/><\/a><font size=\"1\">Grafik: G:Z<\/font><\/td><td class=\"column-2\">13. 5. 2012<br \/>\n<br \/>\nTheater im Werkraum<br \/>\nVHS Ottakring \/ Eingang Koppstra\u00dfe, Ludo Hartmann-Platz 7<br \/>\n<br \/>\nMittwoch, 20. Juni 2012, 19:00 Uhr<br \/>\nDonnerstag, 21. Juni 2012, 19:00 Uhr<br \/>\nFreitag, 22. Juni 2012, 10:00 Uhr<br \/>\n<br \/>\nEintritt frei - Spenden erbeten! Einlass ab 18:30 - freie Platzwahl!<br \/>\n<br \/>\nReservierung wegen beschr\u00e4nkter Sitzpl\u00e4tze unbedingt er-for-der\u00adlich! Pers\u00f6nlich oder per Mail bei\/an <a href=\"mailto:martina.partilla@chello.at\">martina.partilla@chello.at<\/a>.<br \/>\n<br \/>\nDas Theaterensemble 1 des BRG14, Sch\u00fclerinnen der 3.+4.Klassen, hat sich heuer mit dem Thema: \u201eWie gehen wir mit Bettler:innen um?\" auseinander gesetzt.<br \/>\nWer sind ihre Auftraggeber? Wieso gibt es in einem reichen Land wie \u00d6sterreich so viele Menschen, die vom Betteln leben m\u00fcssen? K\u00f6nnen wir betteln verhindern, indem wir es verbieten oder ignorieren? Sind Augustin oder Obdachlosen-Zeitungsverk\u00e4ufer auch Bettler? Ist Stra\u00dfen\u00admusikant ein Beruf? Ist Betteln ein Beruf?<br \/>\nAuf Basis von Improvisationen haben wir versucht, theatralische Antworten auf die oben gestellten Fragen zu finden und sie in einem neuen St\u00fcck zu pr\u00e4sentieren.<br \/>\n<br \/>\nAlle, die dieses Thema ebenfalls ber\u00fchrt und besch\u00e4ftigt, sind herz\u00adlich eingeladen, uns an den Spieltagen als Publikum beim Suchen und Finden von Antworten auf brennende, gesellschaftliche Fragen zu unterst\u00fctzen.<br \/>\n<br \/>\nDiese Schultheaterproduktion findet im Rahmen des Festivals \"B\u00fchne Wien\" statt (siehe <a href=\"http:\/\/www.buehne-wien.at\/Schul-Buehne\" target=\"_blank\" rel=\"noopener noreferrer\">www.buehne-wien.at\/Schul-Buehne<\/a>).<br \/>\n<br \/>\nTheaterensemble 1 \/ Mag.<sup>a<\/sup> Martina Partilla<\/td>\n<\/tr>\n<tr class=\"row-3\">\n\t<td colspan=\"2\" class=\"column-1\">Theaterensemble 2: Von Tieren und Menschen<\/td>\n<\/tr>\n<tr class=\"row-4\">\n\t<td class=\"column-1\"><a href=\"\/wp-content\/uploads\/fotos\/Von_Tieren_u_Menschen.jpg\"><img loading=\"lazy\" decoding=\"async\" src=\"\/wp-content\/uploads\/fotos\/Von_Tieren_u_Menschen-212x300.jpg\" alt=\"Von Tieren und Menschen homepageOK\" width=\"212\" height=\"300\" class=\"aligncenter size-medium wp-image-4758\" srcset=\"https:\/\/www.brg14.at\/wp-content\/uploads\/fotos\/Von_Tieren_u_Menschen-212x300.jpg 212w, https:\/\/www.brg14.at\/wp-content\/uploads\/fotos\/Von_Tieren_u_Menschen-106x150.jpg 106w, https:\/\/www.brg14.at\/wp-content\/uploads\/fotos\/Von_Tieren_u_Menschen-424x600.jpg 424w, https:\/\/www.brg14.at\/wp-content\/uploads\/fotos\/Von_Tieren_u_Menschen.jpg 1200w\" sizes=\"auto, (max-width: 212px) 100vw, 212px\" \/><\/a><font size=\"1\">Grafik: G:Z<\/font><\/td><td class=\"column-2\">13. 5. 2012<br \/>\n <br \/>\nTheater im Werkraum<br \/>\nVHS Ottakring \/ Eingang Koppstra\u00dfe, Luo Hartmann-Platz 7<br \/>\n<br \/>\nDienstag, 5. Juni 2012, 19:00 Uhr<br \/>\nMittwoch, 6. Juni 2012, 19:00 Uhr<br \/>\n<br \/>\nEintritt frei - Spenden erbeten! Einlass ab 18:30 - freie Platzwahl!<br \/>\n<br \/>\nReservierung wegen beschr\u00e4nkter Sitzpl\u00e4tze unbedingt er\u00adfor\u00adder\u00adlich! Pers\u00f6nlich oder per Mail bei\/an <a href=\"mailto:martina.partilla@chello.at\">martina.partilla@chello.at<\/a><br \/>\n<br \/>\nDas Theaterensemble 2 des BRG14, Sch\u00fcler:innen der 2.Klassen, hat sich heuer mit dem Thema \u201eTier und Mensch\u201c auseinandergesetzt. Inspiriert von George Orwells literarischem Klassiker \u201eFarm der Tiere\u201c haben die Schauspieler:innen unter der Leitung von Mag.<sup>a<\/sup> Martina Partilla ein neues St\u00fcck auf der Basis von Improvisationen erarbeitet, in dem sich Tiere gegen ihre menschlichen Peiniger zur Wehr setzen. Die Tiere leben in einem  Zirkus, k\u00f6nnen viele Kunstst\u00fccke, werden aber dennoch nicht geachtet und artgerecht behandelt. Man kann Parallelen zum schulischen Betrieb ziehen, wenn man m\u00f6chte ... Aber die Tiere beschlie\u00dfen sich zu r\u00e4chen und planen eine Revolution! Ob ihnen der Umsturz gelingen wird, wird sich an den beiden Spieltagen zeigen.<br \/>\n<br \/>\nWir laden alle herzlich ein, uns bei unserem \u201erevolution\u00e4ren\u201c Spiel als Publikum zu unterst\u00fctzen.<br \/>\n<br \/>\nDiese Schultheaterproduktion findet im Rahmen des Festivals \"B\u00fchne Wien\" statt (siehe <a href=\"http:\/\/www.buehne-wien.at\/Schul-Buehne\" target=\"_blank\" rel=\"noopener noreferrer\">www.buehne-wien.at\/Schul-Buehne<\/a>).<br \/>\n<br \/>\nTheaterensemble 2 \/ Mag.<sup>a<\/sup> Martina Partilla<\/td>\n<\/tr>\n<\/tbody>\n<\/table>\n<!-- #tablepress-17 from cache -->\n","protected":false},"excerpt":{"rendered":"<p>Kinder brauchen &#8222;Action&#8220;. Theater ist &#8222;Action&#8220;. &#8211;> Kinder brauchen Theater. &hellip; <a class=\"more-link\" href=\"https:\/\/www.brg14.at\/?page_id=4208\">WEITERLESEN &#8230;<\/a><\/p>\n","protected":false},"author":2,"featured_media":0,"parent":49,"menu_order":0,"comment_status":"closed","ping_status":"closed","template":"","meta":{"ngg_post_thumbnail":0,"footnotes":""},"class_list":["post-4208","page","type-page","status-publish","hentry"],"_links":{"self":[{"href":"https:\/\/www.brg14.at\/index.php?rest_route=\/wp\/v2\/pages\/4208","targetHints":{"allow":["GET"]}}],"collection":[{"href":"https:\/\/www.brg14.at\/index.php?rest_route=\/wp\/v2\/pages"}],"about":[{"href":"https:\/\/www.brg14.at\/index.php?rest_route=\/wp\/v2\/types\/page"}],"author":[{"embeddable":true,"href":"https:\/\/www.brg14.at\/index.php?rest_route=\/wp\/v2\/users\/2"}],"replies":[{"embeddable":true,"href":"https:\/\/www.brg14.at\/index.php?rest_route=%2Fwp%2Fv2%2Fcomments&post=4208"}],"version-history":[{"count":0,"href":"https:\/\/www.brg14.at\/index.php?rest_route=\/wp\/v2\/pages\/4208\/revisions"}],"up":[{"embeddable":true,"href":"https:\/\/www.brg14.at\/index.php?rest_route=\/wp\/v2\/pages\/49"}],"wp:attachment":[{"href":"https:\/\/www.brg14.at\/index.php?rest_route=%2Fwp%2Fv2%2Fmedia&parent=4208"}],"curies":[{"name":"wp","href":"https:\/\/api.w.org\/{rel}","templated":true}]}}