{"id":4215,"date":"2013-07-15T23:57:53","date_gmt":"2013-07-15T21:57:53","guid":{"rendered":"http:\/\/www.datenjunkie.at\/?page_id=4215"},"modified":"2025-12-02T11:50:30","modified_gmt":"2025-12-02T09:50:30","slug":"schulerberatung","status":"publish","type":"page","link":"https:\/\/www.brg14.at\/?page_id=4215","title":{"rendered":"Sch\u00fcler:innen- und Bildungsberatung"},"content":{"rendered":"<h1>Aufgaben der Sch\u00fcler:innen- und Bildungsberatung<\/h1>\n<h2>Information<\/h2>\n<ul>\n<li type=\"disc\">Schulformen und Schulprofile<\/li>\n<li type=\"disc\">Berufs- und Bildungswege<\/li>\n<li type=\"disc\">Studien und Berufsprofile<\/li>\n<li type=\"disc\">Ausbildungen und Anforderungen<\/li>\n<li type=\"disc\">H\u00fcrden und Herausforderungen<\/li>\n<\/ul>\n<h2>Beratung<\/h2>\n<ul>\n<li type=\"disc\">Lern- und Verhaltensprobleme<\/li>\n<li type=\"disc\">Schulische und pers\u00f6nliche Probleme<\/li>\n<li type=\"disc\">Pers\u00f6nliche Krisen und \u00c4ngste<\/li>\n<li type=\"disc\">Interessen und Neigungen<\/li>\n<li type=\"disc\">Kompetenzen und F\u00e4higkeiten<\/li>\n<li type=\"disc\">Sch\u00fclerinnen und Sch\u00fcler<\/li>\n<li type=\"disc\">Eltern und Erziehungsberechtigte<\/li>\n<\/ul>\n<h2>Unterst\u00fctzung<\/h2>\n<ul>\n<li>Vernetzung mit Beratungsinstitutionen (Schulpsychologie, Studentenberatung, Berufsinformationszentren\u2026)<\/li>\n<li>Vermittlung an Problemberatungszentren (Krisenintervention, Suchtberatung, Psychosoziale Zentren, Rechtsberatung\u2026)<\/li>\n<li>Materialbeschaffung<\/li>\n<li><a href=\"http:\/\/www.brg14.at\/wp-content\/uploads\/Umgang-mit-aussergewoehnlichen-Ereignissen.pdf\" target=\"_blank\" rel=\"noopener noreferrer\">Umgang mit au\u00dfergew\u00f6hnlichen, krisenhaften Ereignissen<\/a><\/li>\n<li>Ansprechpersonen No Blame Approach (Mobbing-Interventionsmethode)\n<ul>\n<li style=\"text-align: left;\">Mag<sup>.a <\/sup>Birgit Aschauer<\/li>\n<li>Mag<sup>.a <\/sup>Christine Gamel<\/li>\n<li>Mag<sup>.a <\/sup>Marlene H\u00f6lzl<\/li>\n<li>Mag<sup>.a <\/sup>Ingrid Konzett<\/li>\n<li>Mag<sup>.a <\/sup>Martina Partilla<\/li>\n<\/ul>\n<\/li>\n<\/ul>\n<h2>Ansprechpersonen<\/h2>\n<ul>\n<li type=\"disc\">Mag. HERNSTORFER Matthias<\/li>\n<li type=\"disc\">Mag.<sup>a<\/sup> LANZ Martina<\/li>\n<\/ul>\n<p>Sch\u00fcler- und Bildungsberatung am BRG VBS 14<br \/>\nTermine nach Vereinbarung<br \/>\ne-Mail: <a href=\"mailto:beratung@brg14.at\">beratung@brg14.at<\/a><br \/>\nTelefon: 01\/ 9112577<\/p>\n<h1>Wichtige Links<\/h1>\n<h2>Allgemeine Beratung, Unterst\u00fctzung, Information<\/h2>\n<ul>\n<li type=\"disc&quot;\">Ausbildungspflicht bis 18 <a href=\"https:\/\/ausbildungbis18.at\/downloads\/#\" target=\"_blank\" rel=\"noopener noreferrer\">Folder<\/a><\/li>\n<li type=\"disc&quot;\">Ausbildungspflicht bis 18 <a href=\"http:\/\/www.brg14.at\/wp-content\/uploads\/HandreichungAusBildung_bis_18_Kurzfassung.pdf\" target=\"_blank\" rel=\"noopener noreferrer\">Handreichung<\/a><\/li>\n<li type=\"disc&quot;\"><a href=\"http:\/\/www.brg14.at\/wp-content\/uploads\/Beratungseinrichtungen.pdf\" target=\"_blank\" rel=\"noopener noreferrer\">Beratungseinrichtungen f\u00fcr Soforthilfe<\/a><\/li>\n<li type=\"disc&quot;\">Kostenlose Beratungsstellen des schulpsychologischen Dienstes: <a href=\"http:\/\/www.schulpsychologie.at\" target=\"_blank\" rel=\"noopener noreferrer\">www.schulpsychologie.at<\/a><\/li>\n<li type=\"disc&quot;\">Beihilfen und F\u00f6rderungen: <a href=\"https:\/\/www.bmbwf.gv.at\/Themen\/schule\/befoe.html\" target=\"_blank\" rel=\"noopener noreferrer\">https:\/\/www.bmbwf.gv.at\/Themen\/schule\/befoe.html<\/a><\/li>\n<li type=\"disc&quot;\">Beratungs- und Servicestellen: <a href=\"https:\/\/www.bmbwf.gv.at\/Themen\/schule\/beratung.html\" target=\"_blank\" rel=\"noopener noreferrer\">https:\/\/www.bmbwf.gv.at\/Themen\/schule\/beratung.html<\/a><\/li>\n<li type=\"disc&quot;\">Bildungswesen \u00d6sterreichs: <a href=\"http:\/\/www.brg14.at\/wp-content\/uploads\/bildungssystemgrafik_2018.pdf\" target=\"_blank\" rel=\"noopener noreferrer\">http:\/\/www.brg14.at\/wp-content\/uploads\/bildungssystemgrafik_2018.pdf<\/a><\/li>\n<li type=\"disc&quot;\">Schulrecht: <a href=\"https:\/\/www.bmbwf.gv.at\/Themen\/schule\/schulrecht.html\" target=\"_blank\" rel=\"noopener noreferrer\">https:\/\/www.bmbwf.gv.at\/Themen\/schule\/schulrecht.html<\/a><\/li>\n<li type=\"disc&quot;\">Schulverzeichnisse: <a href=\"https:\/\/www.bmbwf.gv.at\/Themen\/schule\/schulsystem\/sv.html\" target=\"_blank\" rel=\"noopener noreferrer\">https:\/\/www.bmbwf.gv.at\/Themen\/schule\/schulsystem\/sv.html<\/a><\/li>\n<\/ul>\n<h2>Bildungsentscheidung nach der 8. Schulstufe<\/h2>\n<ul>\n<li style=\"list-style-type: none;\">\n<ul>\n<li type=\"disc&quot;\">Berufsbildende Schulen in \u00d6sterreich: <a href=\"https:\/\/www.abc.berufsbildendeschulen.at\" target=\"_blank\" rel=\"noopener noreferrer\">https:\/\/www.abc.berufsbildendeschulen.at<\/a><\/li>\n<li type=\"disc&quot;\">Informationen \u00fcber Bildungs- und Ausbildungseinrichtungen in \u00d6sterreich: <a href=\"http:\/\/www.ausbildungskompass.at\" target=\"_blank\" rel=\"noopener noreferrer\">http:\/\/www.ausbildungskompass.at<\/a><\/li>\n<li type=\"disc&quot;\">Schulpsychologische Bildungsberatung: <a href=\"http:\/\/www.schulpsychologie.at\/bildungsinformation\/\" target=\"_blank\" rel=\"noopener noreferrer\">http:\/\/www.schulpsychologie.at\/bildungsinformation<\/a><\/li>\n<li type=\"disc&quot;\">Berufsinformationssystem (AMS): <a href=\"http:\/\/www.ams.at\/bis\/\" target=\"_blank\" rel=\"noopener noreferrer\">http:\/\/www.ams.at\/bis<\/a><\/li>\n<li type=\"disc&quot;\">Berufskompass: <a href=\"http:\/\/www.berufskompass.at\" target=\"_blank\" rel=\"noopener noreferrer\">http:\/\/www.berufskompass.at<\/a><\/li>\n<li type=\"disc&quot;\">Berufslexikon (AMS): <a href=\"http:\/\/www.berufslexikon.at\/\" target=\"_blank\" rel=\"noopener noreferrer\">http:\/\/www.berufslexikon.at<\/a><\/li>\n<li type=\"disc&quot;\">BIC &#8211; Berufsinformationscomputer der Wirtschaftskammer: <a href=\"http:\/\/www.bic.at\/\" target=\"_blank\" rel=\"noopener noreferrer\">http:\/\/www.bic.at<\/a><\/li>\n<\/ul>\n<\/li>\n<\/ul>\n<h2>Matura was nun?<\/h2>\n<ul>\n<li style=\"list-style-type: none;\">\n<ul>\n<li style=\"list-style-type: none;\">\n<ul>\n<li type=\"disc&quot;\">Wichtige Informationen zu Studienbeginn: <a href=\"http:\/\/www.studienbeginn.at\" target=\"_bank\" rel=\"noopener noreferrer\">http:\/\/www.studienbeginn.at<\/a><\/li>\n<li type=\"disc&quot;\">Studienwahl &#8211; Studieren in \u00d6sterreich: <a href=\"https:\/\/www.studienwahl.at\" target=\"_blank\" rel=\"noopener noreferrer\">https:\/\/www.studienwahl.at<\/a><\/li>\n<li type=\"disc&quot;\">Europass: <a href=\"http:\/\/www.europass.at\/\" target=\"_blank\" rel=\"noopener noreferrer\">http:\/\/www.europass.at<\/a><\/li>\n<li type=\"disc&quot;\">Fachhochschulen \u00d6sterreichs: <a href=\"http:\/\/www.fachhochschulen.at\/\" target=\"_blank\" rel=\"noopener noreferrer\">http:\/\/www.fachhochschulen.at<\/a><\/li>\n<li type=\"disc&quot;\">Informationen rund um die Matura: <a href=\"http:\/\/www.schulpsychologie.at\/bildungsinformation\/nach-der-matura\" target=\"_blank\" rel=\"noopener noreferrer\">http:\/\/www.schulpsychologie.at<\/a><\/li>\n<li type=\"disc&quot;\">Psychologische Studentenberatung: <a href=\"http:\/\/www.studentenberatung.at\" target=\"_blank\" rel=\"noopener noreferrer\">http:\/\/www.studentenberatung.at<\/a><\/li>\n<li type=\"disc&quot;\">Studienbeihilfen: <a href=\"http:\/\/www.stipendium.at\/\" target=\"_blank\" rel=\"noopener noreferrer\">http:\/\/www.stipendium.at<\/a><\/li>\n<li type=\"disc&quot;\">Studienberatung der \u00f6sterreichischen Hochsch\u00fclerschaft: <a href=\"https:\/\/www.oeh.ac.at\/ueber-uns\" target=\"_blank\" rel=\"noopener noreferrer\">https:\/\/www.oeh.ac.at\/ueber-uns<\/a><\/li>\n<li type=\"disc&quot;\">Studienplattform, grundlegende Informationen zu allen Studienrichtungen, an allen Hochschulen \u00d6sterreichs: <a href=\"http:\/\/www.studienplattform.at\/\" target=\"_blank\" rel=\"noopener noreferrer\">http:\/\/www.studienplattform.at<\/a><\/li>\n<li type=\"disc&quot;\">Studieren probieren: <a href=\"http:\/\/www.studierenprobieren.at\/\" target=\"_blank\" rel=\"noopener noreferrer\">http:\/\/www.studierenprobieren.at<\/a><\/li>\n<li type=\"disc&quot;\">Was tun nach der Matura?: <a href=\"https:\/\/www.schulpsychologie.at\/bildungsinformation\/nach-der-matura\" target=\"_blank\" rel=\"noopener noreferrer\">https:\/\/www.schulpsychologie.at\/bildungsinformation\/nach-der-matura<\/a><\/li>\n<li type=\"disc&quot;\">WU \u2013 Onlinetestung f\u00fcr Studienanf\u00e4nger:innen: <a href=\"https:\/\/learn.wu.ac.at\/orientation\/\" target=\"_blank\" rel=\"noopener noreferrer\">https:\/\/learn.wu.ac.at\/orientation<\/a><\/li>\n<li type=\"disc&quot;\">Young Science (Wissenschaft, Forschung und Schule): <a href=\"http:\/\/www.youngscience.at\/\" target=\"_blank\" rel=\"noopener noreferrer\">http:\/\/www.youngscience.at<\/a><\/li>\n<li type=\"disc&quot;\">Berufs- und Studiencheckerprogramm: <a href=\"http:\/\/www.18plus.at\" target=\"_blank\" rel=\"noopener noreferrer\">http:\/\/www.18plus.at<\/a><\/li>\n<li type=\"disc&quot;\">Informationen \u00fcber Bildungs- und Ausbildungseinrichtungen in \u00d6sterreich: <a href=\"http:\/\/www.ausbildungskompass.at\" target=\"_blank\" rel=\"noopener noreferrer\">http:\/\/www.ausbildungskompass.at<\/a><\/li>\n<\/ul>\n<\/li>\n<\/ul>\n<\/li>\n<\/ul>\n<h1>Informationen 2. Klasse<\/h1>\n<p><a href=\"http:\/\/www.brg14.at\/wp-content\/uploads\/PP_Elternabend_2_Klassen_25_26.pptx\" target=\"_blank\" rel=\"noopener noreferrer\">Elternabend 2. Klasse (2025-2026)<\/a><\/p>\n<h1>Informationen 4. Klasse<\/h1>\n<p><a href=\"http:\/\/www.brg14.at\/wp-content\/uploads\/PP_Elternabend_4_Klassen_25_26.pptx\" target=\"_blank\" rel=\"noopener noreferrer\">Elternabend 4. Klasse (2025-2026)<\/a><\/p>\n<h1>Informationen 5. Klasse<\/h1>\n<p><a href=\"http:\/\/www.brg14.at\/wp-content\/uploads\/PP_Elternabend_5_Klassen_25_26.pptx\" target=\"_blank\" rel=\"noopener noreferrer\">Elternabend 5. Klasse (2025-2026)<\/a><\/p>\n<h1>Informationen f\u00fcr die 7. und 8. Klasse<\/h1>\n<ul>\n<li style=\"list-style-type: none;\">\n<ul>\n<li><a href=\"https:\/\/www.fh-vie.ac.at\" target=\"_blank\" rel=\"noopener noreferrer\">FH BFI Wien<\/a><\/li>\n<li><a href=\"https:\/\/www.oeh.ac.at\/\" target=\"_blank\" rel=\"noopener noreferrer\">Studienberatung \u00d6H<\/a><\/li>\n<li><a href=\"https:\/\/www.stipendium.at\" target=\"_blank\" rel=\"noopener noreferrer\">Studienbeihilfe<\/a><\/li>\n<\/ul>\n<\/li>\n<\/ul>\n","protected":false},"excerpt":{"rendered":"<p>Aufgaben der Sch\u00fcler:innen- und Bildungsberatung Information Schulformen und Schulprofile Berufs- und Bildungswege Studien und Berufsprofile Ausbildungen und Anforderungen H\u00fcrden und Herausforderungen Beratung Lern- und Verhaltensprobleme Schulische und pers\u00f6nliche Probleme Pers\u00f6nliche Krisen und \u00c4ngste Interessen und Neigungen Kompetenzen und F\u00e4higkeiten Sch\u00fclerinnen &hellip; <a class=\"more-link\" href=\"https:\/\/www.brg14.at\/?page_id=4215\">WEITERLESEN &#8230;<\/a><\/p>\n","protected":false},"author":2,"featured_media":0,"parent":49,"menu_order":0,"comment_status":"closed","ping_status":"closed","template":"","meta":{"ngg_post_thumbnail":0,"footnotes":""},"class_list":["post-4215","page","type-page","status-publish","hentry"],"_links":{"self":[{"href":"https:\/\/www.brg14.at\/index.php?rest_route=\/wp\/v2\/pages\/4215","targetHints":{"allow":["GET"]}}],"collection":[{"href":"https:\/\/www.brg14.at\/index.php?rest_route=\/wp\/v2\/pages"}],"about":[{"href":"https:\/\/www.brg14.at\/index.php?rest_route=\/wp\/v2\/types\/page"}],"author":[{"embeddable":true,"href":"https:\/\/www.brg14.at\/index.php?rest_route=\/wp\/v2\/users\/2"}],"replies":[{"embeddable":true,"href":"https:\/\/www.brg14.at\/index.php?rest_route=%2Fwp%2Fv2%2Fcomments&post=4215"}],"version-history":[{"count":129,"href":"https:\/\/www.brg14.at\/index.php?rest_route=\/wp\/v2\/pages\/4215\/revisions"}],"predecessor-version":[{"id":16789,"href":"https:\/\/www.brg14.at\/index.php?rest_route=\/wp\/v2\/pages\/4215\/revisions\/16789"}],"up":[{"embeddable":true,"href":"https:\/\/www.brg14.at\/index.php?rest_route=\/wp\/v2\/pages\/49"}],"wp:attachment":[{"href":"https:\/\/www.brg14.at\/index.php?rest_route=%2Fwp%2Fv2%2Fmedia&parent=4215"}],"curies":[{"name":"wp","href":"https:\/\/api.w.org\/{rel}","templated":true}]}}