{"id":4240,"date":"2013-07-16T22:20:40","date_gmt":"2013-07-16T20:20:40","guid":{"rendered":"http:\/\/www.datenjunkie.at\/?page_id=4240"},"modified":"2025-11-03T00:14:21","modified_gmt":"2025-11-02T22:14:21","slug":"focus-english","status":"publish","type":"page","link":"https:\/\/www.brg14.at\/?page_id=4240","title":{"rendered":"Focus English"},"content":{"rendered":"<p>In der Unterstufe wird in den Focus English-Klassen Englisch als zweite Arbeitssprache eingesetzt.<\/p>\n<h2>Vorteile<\/h2>\n<ul>\n<li type=\"disc\">Das Erlernen der Fremdsprache wird gef\u00f6rdert und f\u00fchrt zu einer h\u00f6heren sprachlichen Kompetenz der Sch\u00fcler:innen.<\/li>\n<li type=\"disc\">Die Sch\u00fcler:innen haben schon fr\u00fch die M\u00f6glichkeit, sich mit fremdsprachigen Fachtexten auseinander zu setzen.<\/li>\n<li type=\"disc\">Auslandsaufenthalte werden wesentlich erleichtert.<\/li>\n<li type=\"disc\">Die durch fachspezifische Englischkenntnisse erworbenen Qualifikationen der Sch\u00fcler:innen verbessern ihre Chancen beim Einstieg ins Studium oder ins Berufsleben.<\/li>\n<li type=\"disc\">Es besteht die M\u00f6glichkeit des \u00dcbertritts in die VBS in der Oberstufe. Daf\u00fcr muss allerdings eine Eignungspr\u00fcfung gemacht werden.<\/li>\n<\/ul>\n<h2>Umsetzung<\/h2>\n<p>Englisch wird in m\u00f6glichst vielen Gegenst\u00e4nden, z.B. in Geographie, Geschichte und Biologie, in unterschiedlichem Ausma\u00df verwendet.&nbsp;<\/p>\n<h2>Methode<\/h2>\n<p>Eine zentrale Stellung im Unterricht nehmen die English Native Speaker als &#8222;teaching assistants&#8220; ein, die den Sch\u00fcler:innen 5 Stunden pro Woche zus\u00e4tzlich zu den Fachlehrer:innen im Unterricht zur Verf\u00fcgung stehen.<br \/>\nUnterst\u00fctzt wird der Spracherwerb auch durch Arbeitsbl\u00e4tter, praktisches Arbeiten, offene Lernformen und den verst\u00e4rkten Einsatz neuer Medien. Englische B\u00fccher stehen in der Schulbibliothek zur Verf\u00fcgung.<\/p>\n<h2>Voraussetzungen<\/h2>\n<p>Sprachliches Interesse, Freude an der Lernarbeit und Wissensdurst sind sehr hilfreich, da mit einem etwas h\u00f6heren Arbeitsaufwand als in den Regelklassen zu rechnen ist.<br \/>\nEin Empfehlungsgespr\u00e4ch \u2013 bei dem die Englisch-Kenntnisse \u00fcberpr\u00fcft werden \u2013 ist Voraussetzung.<\/p>\n<h2>Finanzierung<\/h2>\n<p>Der Elternverein unterst\u00fctzt den schulautonomen Schwerpunkt &#8222;Focus English&#8220; finanziell, daf\u00fcr wird von den Eltern der FE-Klassen ein Beitrag pro Schuljahr pro Sch\u00fcler:in eingehoben.<\/p>\n<h2>Anmeldung<\/h2>\n<p>Das entsprechende Formular finden Sie unter <a href=\"\/?page_id=4788\">Infos \/ Downloads<\/a>.<\/p>\n[ Mag. Wolfgang Widmer ]\n","protected":false},"excerpt":{"rendered":"<p>In der Unterstufe wird in den Focus English-Klassen Englisch als zweite Arbeitssprache eingesetzt. Vorteile Das Erlernen der Fremdsprache wird gef\u00f6rdert und f\u00fchrt zu einer h\u00f6heren sprachlichen Kompetenz der Sch\u00fcler:innen. Die Sch\u00fcler:innen haben schon fr\u00fch die M\u00f6glichkeit, sich mit fremdsprachigen Fachtexten &hellip; <a class=\"more-link\" href=\"https:\/\/www.brg14.at\/?page_id=4240\">WEITERLESEN &#8230;<\/a><\/p>\n","protected":false},"author":2,"featured_media":0,"parent":4234,"menu_order":0,"comment_status":"closed","ping_status":"closed","template":"","meta":{"ngg_post_thumbnail":0,"footnotes":""},"class_list":["post-4240","page","type-page","status-publish","hentry"],"_links":{"self":[{"href":"https:\/\/www.brg14.at\/index.php?rest_route=\/wp\/v2\/pages\/4240","targetHints":{"allow":["GET"]}}],"collection":[{"href":"https:\/\/www.brg14.at\/index.php?rest_route=\/wp\/v2\/pages"}],"about":[{"href":"https:\/\/www.brg14.at\/index.php?rest_route=\/wp\/v2\/types\/page"}],"author":[{"embeddable":true,"href":"https:\/\/www.brg14.at\/index.php?rest_route=\/wp\/v2\/users\/2"}],"replies":[{"embeddable":true,"href":"https:\/\/www.brg14.at\/index.php?rest_route=%2Fwp%2Fv2%2Fcomments&post=4240"}],"version-history":[{"count":16,"href":"https:\/\/www.brg14.at\/index.php?rest_route=\/wp\/v2\/pages\/4240\/revisions"}],"predecessor-version":[{"id":16675,"href":"https:\/\/www.brg14.at\/index.php?rest_route=\/wp\/v2\/pages\/4240\/revisions\/16675"}],"up":[{"embeddable":true,"href":"https:\/\/www.brg14.at\/index.php?rest_route=\/wp\/v2\/pages\/4234"}],"wp:attachment":[{"href":"https:\/\/www.brg14.at\/index.php?rest_route=%2Fwp%2Fv2%2Fmedia&parent=4240"}],"curies":[{"name":"wp","href":"https:\/\/api.w.org\/{rel}","templated":true}]}}