{"id":4244,"date":"2013-07-16T22:21:10","date_gmt":"2013-07-16T20:21:10","guid":{"rendered":"http:\/\/www.datenjunkie.at\/?page_id=4244"},"modified":"2025-11-10T11:04:50","modified_gmt":"2025-11-10T09:04:50","slug":"laptop-klassen","status":"publish","type":"page","link":"https:\/\/www.brg14.at\/?page_id=4244","title":{"rendered":"Laptop-Klassen"},"content":{"rendered":"<p>Alle Sch\u00fcler:innen der Unterstufe erhalten durch die Ger\u00e4teinitiative des Bundesministeriums <a href=\"https:\/\/digitaleslernen.oead.at\/de\/\" target=\"_blank\" rel=\"noopener noreferrer\">https:\/\/digitaleslernen.oead.at\/de<\/a> einen Laptop. Dieser steht den Sch\u00fcler:innen f\u00fcr die gesamte Unterstufe zur Verf\u00fcgung.<\/p>\n<p>Alle Oberstufen-Klassen werden im BRG VBS 14 als Laptop-Klassen gef\u00fchrt, unabh\u00e4ngig vom gew\u00e4hlten Schultyp. Dies dient unter anderem der Vorbereitung auf den Technologieeinsatz bei der SKRP (=Standardisierte, kompetenzorientierte Reifepr\u00fcfung).<\/p>\n<h2>Wahl des Ger\u00e4tes<\/h2>\n<p>Die Ger\u00e4te werden individuell angeschafft. Es gibt keine Gruppenbestellungen \u00fcber die Schule!<\/p>\n<p>Die Schule empfiehlt Ger\u00e4te mit folgender Mindestausstattung::<\/p>\n<ul>\n<li type=\"disc\">Hardware:\n<ul>\n<li type=\"circle\">Prozessor (CPU): mindestens Intel i3 oder ad\u00e4quater Prozessor<\/li>\n<li type=\"circle\">Arbeitsspeicher (RAM): mindestens 8GB<\/li>\n<li type=\"circle\">Festplatte: SSD empfohlen<\/li>\n<li type=\"circle\">WLAN: Ja<\/li>\n<\/ul>\n<\/li>\n<li type=\"disc\">Software:\n<ul>\n<li type=\"circle\">Betriebssystem: Da wir eine Microsoft Partner-Schule sind, empfehlen wir Microsoft Windows<\/li>\n<li type=\"circle\">Wenn ein anderes Betriebssystem zum Einsatz kommt, sind die Sch\u00fcler:innen selbst daf\u00fcr verantwortlich, dass die in der Schule eingesetzte Software funktioniert und entsprechend eingesetzt werden kann<\/li>\n<li type=\"circle\">Microsoft Office365: Alle Sch\u00fcler:innen unserer Schule erhalten eine kostenlose Lizenz. Alle Informationen zur Installation sind im Moodle-Kurs &#8220; Wissensplattform f\u00fcr SuS und Eltern&#8220; zu finden<\/li>\n<li type=\"circle\">Viren-, Spyware- und Malware-Schutz wird empfohlen<\/li>\n<li type=\"circle\">Versicherungsabschluss wird empfohlen<\/li>\n<\/ul>\n<\/li>\n<\/ul>\n<p>&nbsp;<br \/>\n&nbsp;<br \/>\n&nbsp;<br \/>\n&nbsp;<br \/>\nHier eine Auflistung aller Informatik-Angebote am BRG VBS 14.<\/p>\n<ul>\n<li><a href=\"https:\/\/www.brg14.at\/?page_id=13509\">Digitale Grundbildung<\/a><\/li>\n<li><a href=\"https:\/\/www.brg14.at\/?page_id=13503\">Pflichtfach Informatik<\/a><\/li>\n<li><a href=\"https:\/\/www.brg14.at\/?page_id=13498\">Wahlpflichtfach Informatik<\/a><\/li>\n<li><a href=\"https:\/\/www.brg14.at\/?page_id=4244\">Schwerpunkt Laptop-Klasse<\/a><\/li>\n<li><a href=\"http:\/\/www.brg14.at\/wp-content\/uploads\/EDV-Nutzungsordnung-v002.pdf\" data-wplink-edit=\"true\">EDV-Nutzungsordnung<\/a><\/li>\n<\/ul>\n<p>Bei Fragen rund um den Informatik-Unterricht oder die Informatik-Angebote, kann man jederzeit ein E-Mail an folgende Adresse schicken: <a href=\"mailto:edv@brg14.at\">edv@brg14.at<\/a>.<\/p>\n","protected":false},"excerpt":{"rendered":"<p>Alle Sch\u00fcler:innen der Unterstufe erhalten durch die Ger\u00e4teinitiative des Bundesministeriums https:\/\/digitaleslernen.oead.at\/de einen Laptop. Dieser steht den Sch\u00fcler:innen f\u00fcr die gesamte Unterstufe zur Verf\u00fcgung. Alle Oberstufen-Klassen werden im BRG VBS 14 als Laptop-Klassen gef\u00fchrt, unabh\u00e4ngig vom gew\u00e4hlten Schultyp. Dies dient unter &hellip; <a class=\"more-link\" href=\"https:\/\/www.brg14.at\/?page_id=4244\">WEITERLESEN &#8230;<\/a><\/p>\n","protected":false},"author":2,"featured_media":0,"parent":4234,"menu_order":0,"comment_status":"closed","ping_status":"closed","template":"","meta":{"ngg_post_thumbnail":0,"footnotes":""},"class_list":["post-4244","page","type-page","status-publish","hentry"],"_links":{"self":[{"href":"https:\/\/www.brg14.at\/index.php?rest_route=\/wp\/v2\/pages\/4244","targetHints":{"allow":["GET"]}}],"collection":[{"href":"https:\/\/www.brg14.at\/index.php?rest_route=\/wp\/v2\/pages"}],"about":[{"href":"https:\/\/www.brg14.at\/index.php?rest_route=\/wp\/v2\/types\/page"}],"author":[{"embeddable":true,"href":"https:\/\/www.brg14.at\/index.php?rest_route=\/wp\/v2\/users\/2"}],"replies":[{"embeddable":true,"href":"https:\/\/www.brg14.at\/index.php?rest_route=%2Fwp%2Fv2%2Fcomments&post=4244"}],"version-history":[{"count":39,"href":"https:\/\/www.brg14.at\/index.php?rest_route=\/wp\/v2\/pages\/4244\/revisions"}],"predecessor-version":[{"id":16725,"href":"https:\/\/www.brg14.at\/index.php?rest_route=\/wp\/v2\/pages\/4244\/revisions\/16725"}],"up":[{"embeddable":true,"href":"https:\/\/www.brg14.at\/index.php?rest_route=\/wp\/v2\/pages\/4234"}],"wp:attachment":[{"href":"https:\/\/www.brg14.at\/index.php?rest_route=%2Fwp%2Fv2%2Fmedia&parent=4244"}],"curies":[{"name":"wp","href":"https:\/\/api.w.org\/{rel}","templated":true}]}}