{"id":4788,"date":"2013-07-30T22:19:28","date_gmt":"2013-07-30T20:19:28","guid":{"rendered":"http:\/\/www.datenjunkie.at\/?page_id=4788"},"modified":"2025-12-19T10:59:29","modified_gmt":"2025-12-19T08:59:29","slug":"downloads","status":"publish","type":"page","link":"https:\/\/www.brg14.at\/?page_id=4788","title":{"rendered":"Downloads"},"content":{"rendered":"<h2>Diverses<\/h2>\n<p><a href=\"\/wp-content\/uploads\/PDF\/Entschuldigungsformular.pdf\" target=\"_blank\" rel=\"noopener noreferrer\">Formular f\u00fcr Entschuldigungen<\/a><\/p>\n<h2>Anmeldungen Reifepr\u00fcfung<\/h2>\n<p><a href=\"http:\/\/www.brg14.at\/wp-content\/uploads\/Anmeldung-Reifepruefung-2025_26.pdf\" target=\"_blank\" rel=\"noopener noreferrer\" data-wplink-edit=\"true\">Anmeldung Reifepr\u00fcfung Sommertermin 2026<\/a><\/p>\n<h2>Klassen Anmeldungen<\/h2>\n<ul>\n<li><a href=\"http:\/\/www.brg14.at\/wp-content\/uploads\/Anmeldescheine_1klassen.pdf\" target=\"_blank\" rel=\"noopener noreferrer\">Anmeldung f\u00fcr 1. Klassen (2026\/2027)<\/a><\/li>\n<li><a href=\"http:\/\/www.brg14.at\/wp-content\/uploads\/Anmeldescheine_2klassen.pdf\" target=\"_blank\" rel=\"noopener noreferrer\">Erhebungsblatt f\u00fcr 2. Klassen (2026\/2027)<\/a><\/li>\n<li><a href=\"http:\/\/www.brg14.at\/wp-content\/uploads\/Anmeldescheine_3klassen.pdf\" target=\"_blank\" rel=\"noopener noreferrer\">Erhebungsblatt f\u00fcr 3. Klassen (2026\/2027)<\/a><\/li>\n<li><a href=\"http:\/\/www.brg14.at\/wp-content\/uploads\/Anmeldescheine_4klassen.pdf\" target=\"_blank\" rel=\"noopener noreferrer\">Erhebungsblatt f\u00fcr 4. Klassen (2026\/2027)<\/a><\/li>\n<li><a href=\"http:\/\/www.brg14.at\/wp-content\/uploads\/Anmeldescheine_5Gklassen.pdf\" target=\"_blank\" rel=\"noopener noreferrer\">Erhebungsblatt f\u00fcr 5. Klassen G (2026\/2027)<\/a><\/li>\n<li><a href=\"http:\/\/www.brg14.at\/wp-content\/uploads\/Anmeldescheine_5RGklassen.pdf\" target=\"_blank\" rel=\"noopener noreferrer\">Erhebungsblatt f\u00fcr 5. Klassen RG (2026\/2027)<\/a><\/li>\n<li><a href=\"http:\/\/www.brg14.at\/wp-content\/uploads\/Anmeldescheine_6klassen.pdf\" target=\"_blank\" rel=\"noopener noreferrer\">Erhebungsblatt f\u00fcr 6. Klassen (2026\/2027)<\/a><\/li>\n<li><a href=\"http:\/\/www.brg14.at\/wp-content\/uploads\/Anmeldescheine_7klassen.pdf\" target=\"_blank\" rel=\"noopener noreferrer\">Erhebungsblatt f\u00fcr 7. Klassen (2026\/2027)<\/a><\/li>\n<li><a href=\"http:\/\/www.brg14.at\/wp-content\/uploads\/Anmeldescheine_8klassen.pdf\" target=\"_blank\" rel=\"noopener noreferrer\">Erhebungsblatt f\u00fcr 8. Klassen (2026\/2027)<\/a><\/li>\n<\/ul>\n<h2>Nachmittagsbetreuung \/ Mittagsbetreuung<\/h2>\n<p><a href=\"http:\/\/www.brg14.at\/wp-content\/uploads\/Elterninformation-Nachmittagsbetreuung-2025.pdf\" target=\"_blank\" rel=\"noopener noreferrer\">Elterninformation Nachmittagsbetreuung 2025\/2026<\/a><br \/>\n<a href=\"https:\/\/www.bildung-wien.gv.at\/schulen\/Oesterreichisches-Schulsystem\/Allgemeinbildende-h-here-Schulen--AHS-\/Tagesbetreuung-an-einer-AHS.html\" target=\"_blank\" rel=\"noopener noreferrer\" data-wplink-edit=\"true\">Tagesbetreuung an einer AHS<\/a><br \/>\n<a href=\"http:\/\/www.brg14.at\/wp-content\/uploads\/Anmeldung-zur-gratis-Mittagsueberbrueckung.pdf\" target=\"_blank\" rel=\"noopener noreferrer\">Anmeldeformular f\u00fcr die &#8222;\u00dcberbr\u00fcckung&#8220; (= Mittagsbetreuung)<\/a><br \/>\n<a href=\"http:\/\/www.brg14.at\/wp-content\/uploads\/Anmeldeformular-des-BRG14.pdf\" target=\"_blank\" rel=\"noopener noreferrer\">Anmeldeformular f\u00fcr die Nachmittagsbetreuung<\/a><br \/>\n<a href=\"http:\/\/www.brg14.at\/wp-content\/uploads\/MELDEBLATT-Nachmittagsbetreuung.pdf\" target=\"_blank\" rel=\"noopener noreferrer\">MELDEBLATT Nachmittagsbetreuung 2025\/2026<\/a><br \/>\n<a href=\"http:\/\/www.brg14.at\/wp-content\/uploads\/Formular-fuer-Entschuldigungen.pdf\" target=\"_blank\" rel=\"noopener noreferrer\">Formular f\u00fcr Entschuldigungen (Fern\u00adbleiben von der Nachmittagsbetreuung)<\/a><\/p>\n<h2>Anmeldung Unverbindliche \u00dcbungen\/Freif\u00e4cher<\/h2>\n<p><a href=\"\/wp-content\/uploads\/PDF\/UUE-Anmeldung-Formular.pdf\" target=\"_blank\" rel=\"noopener noreferrer\">Anmeldeformular f\u00fcr Unverbindliche \u00dcbungen \/ Freif\u00e4cher<\/a><\/p>\n<h2>Anmeldung Vienna Bilingual Schooling<\/h2>\n<ul>\n<li>UNTERSTUFE<br \/>\n<a href=\"http:\/\/www.brg14.at\/wp-content\/uploads\/VBS-Anmeldeformular-OT2026_27.pdf\" target=\"_blank\" rel=\"noopener noreferrer\">Anmeldeformular f\u00fcr ein VBS Orientierungsgespr\u00e4ch f\u00fcr das Schuljahr 2026\/2027 \/ Application Form for a VBS Orientation Talk for the Academic Year 2026\/2027<\/a><\/li>\n<li>OBERSTUFE<br \/>\n<a href=\"http:\/\/www.brg14.at\/wp-content\/uploads\/VBS-OBERSTUFE-Anmeldung-Deutsch.pdf\" target=\"_blank\" rel=\"noopener noreferrer\">Anmeldeformular VBS Oberstufe Orientierungsgespr\u00e4ch f\u00fcr das Schuljahr 2026\/2027<\/a><br \/>\n<a href=\"http:\/\/www.brg14.at\/wp-content\/uploads\/VBS-OBERSTUFE-application-form-ENGLISH.pdf\" target=\"_blank\" rel=\"noopener noreferrer\">Application form VBS Upper Form Orientation Talk for the Academic Year 2026\/2027<\/a><\/li>\n<\/ul>\n<h2>Anmeldung Focus English<\/h2>\n<p><a href=\"http:\/\/www.brg14.at\/wp-content\/uploads\/FE-Empfehlungsgespr.-ANMELDUNG.pdf\" target=\"_blank\" rel=\"noopener noreferrer\">Anmeldeformular Focus English &#8211; Empfehlungsgespr\u00e4ch f\u00fcr das Schuljahr 2026\/2027<\/a><\/p>\n","protected":false},"excerpt":{"rendered":"<p>Diverses Formular f\u00fcr Entschuldigungen Anmeldungen Reifepr\u00fcfung Anmeldung Reifepr\u00fcfung Sommertermin 2026 Klassen Anmeldungen Anmeldung f\u00fcr 1. Klassen (2026\/2027) Erhebungsblatt f\u00fcr 2. Klassen (2026\/2027) Erhebungsblatt f\u00fcr 3. Klassen (2026\/2027) Erhebungsblatt f\u00fcr 4. Klassen (2026\/2027) Erhebungsblatt f\u00fcr 5. Klassen G (2026\/2027) Erhebungsblatt f\u00fcr &hellip; <a class=\"more-link\" href=\"https:\/\/www.brg14.at\/?page_id=4788\">WEITERLESEN &#8230;<\/a><\/p>\n","protected":false},"author":2,"featured_media":0,"parent":4224,"menu_order":0,"comment_status":"closed","ping_status":"closed","template":"","meta":{"ngg_post_thumbnail":0,"footnotes":""},"class_list":["post-4788","page","type-page","status-publish","hentry"],"_links":{"self":[{"href":"https:\/\/www.brg14.at\/index.php?rest_route=\/wp\/v2\/pages\/4788","targetHints":{"allow":["GET"]}}],"collection":[{"href":"https:\/\/www.brg14.at\/index.php?rest_route=\/wp\/v2\/pages"}],"about":[{"href":"https:\/\/www.brg14.at\/index.php?rest_route=\/wp\/v2\/types\/page"}],"author":[{"embeddable":true,"href":"https:\/\/www.brg14.at\/index.php?rest_route=\/wp\/v2\/users\/2"}],"replies":[{"embeddable":true,"href":"https:\/\/www.brg14.at\/index.php?rest_route=%2Fwp%2Fv2%2Fcomments&post=4788"}],"version-history":[{"count":219,"href":"https:\/\/www.brg14.at\/index.php?rest_route=\/wp\/v2\/pages\/4788\/revisions"}],"predecessor-version":[{"id":16792,"href":"https:\/\/www.brg14.at\/index.php?rest_route=\/wp\/v2\/pages\/4788\/revisions\/16792"}],"up":[{"embeddable":true,"href":"https:\/\/www.brg14.at\/index.php?rest_route=\/wp\/v2\/pages\/4224"}],"wp:attachment":[{"href":"https:\/\/www.brg14.at\/index.php?rest_route=%2Fwp%2Fv2%2Fmedia&parent=4788"}],"curies":[{"name":"wp","href":"https:\/\/api.w.org\/{rel}","templated":true}]}}