{"id":5085,"date":"2013-08-01T22:36:18","date_gmt":"2013-08-01T20:36:18","guid":{"rendered":"http:\/\/www.datenjunkie.at\/?page_id=5085"},"modified":"2025-06-18T08:26:47","modified_gmt":"2025-06-18T06:26:47","slug":"7-8-klasse-chemie-labor","status":"publish","type":"page","link":"https:\/\/www.brg14.at\/?page_id=5085","title":{"rendered":"Chemie-Labor"},"content":{"rendered":"<p><iframe loading=\"lazy\" src=\"https:\/\/player.vimeo.com\/video\/478477244\" width=\"640\" height=\"360\" frameborder=\"0\" allowfullscreen=\"allowfullscreen\"><\/iframe><\/p>\n<p>Bei der Arbeit in Kleingruppen im Chemie-Labor f\u00fchren die Sch\u00fcler:innen Experimente durch, die den Chemie-Unterricht erg\u00e4nzen und vertiefen. Dabei lernen sie den praktischen Umgang mit Laborger\u00e4ten ebenso wie das Protokollieren von Versuchen und gewinnen dabei ein tieferes Verst\u00e4ndnis f\u00fcr chemische Vorg\u00e4nge.<\/p>\n<p>Beispiele f\u00fcr Experimente:<\/p>\n<ul>\n<li>Destillation von Rotwein<\/li>\n<li>\u201eVergolden\u201c von Kupferm\u00fcnzen<\/li>\n<li>Chromatographie von Blattfarbstoffen<\/li>\n<li>Analyse unbekannter Stoffe<\/li>\n<li>Bestimmung des Essigs\u00e4uregehaltes in Essig durch Titration<\/li>\n<li>Synthese von Aspirin<\/li>\n<\/ul>\n<p>Der Laborunterricht umfasst eine Doppelstunde, alle 14 Tage (abwechselnd mit dem Physik- bzw. Biologie-Labor).<\/p>\nngg_shortcode_0_placeholder\n&nbsp;<br \/>\n&nbsp;<\/p>\n<div align=\"center\"><a href=\"\/?page_id=4242\">Bitte hier klicken um zur \u00dcbersicht des Naturwissenschaftlichen Schwerpunktes zu kommen<\/a><\/div>\n<p>&nbsp;<\/p>\n","protected":false},"excerpt":{"rendered":"<p>Bei der Arbeit in Kleingruppen im Chemie-Labor f\u00fchren die Sch\u00fcler:innen Experimente durch, die den Chemie-Unterricht erg\u00e4nzen und vertiefen. Dabei lernen sie den praktischen Umgang mit Laborger\u00e4ten ebenso wie das Protokollieren von Versuchen und gewinnen dabei ein tieferes Verst\u00e4ndnis f\u00fcr chemische &hellip; <a class=\"more-link\" href=\"https:\/\/www.brg14.at\/?page_id=5085\">WEITERLESEN &#8230;<\/a><\/p>\n","protected":false},"author":2,"featured_media":0,"parent":0,"menu_order":0,"comment_status":"closed","ping_status":"closed","template":"","meta":{"ngg_post_thumbnail":0,"footnotes":""},"class_list":["post-5085","page","type-page","status-publish","hentry"],"_links":{"self":[{"href":"https:\/\/www.brg14.at\/index.php?rest_route=\/wp\/v2\/pages\/5085","targetHints":{"allow":["GET"]}}],"collection":[{"href":"https:\/\/www.brg14.at\/index.php?rest_route=\/wp\/v2\/pages"}],"about":[{"href":"https:\/\/www.brg14.at\/index.php?rest_route=\/wp\/v2\/types\/page"}],"author":[{"embeddable":true,"href":"https:\/\/www.brg14.at\/index.php?rest_route=\/wp\/v2\/users\/2"}],"replies":[{"embeddable":true,"href":"https:\/\/www.brg14.at\/index.php?rest_route=%2Fwp%2Fv2%2Fcomments&post=5085"}],"version-history":[{"count":10,"href":"https:\/\/www.brg14.at\/index.php?rest_route=\/wp\/v2\/pages\/5085\/revisions"}],"predecessor-version":[{"id":16332,"href":"https:\/\/www.brg14.at\/index.php?rest_route=\/wp\/v2\/pages\/5085\/revisions\/16332"}],"wp:attachment":[{"href":"https:\/\/www.brg14.at\/index.php?rest_route=%2Fwp%2Fv2%2Fmedia&parent=5085"}],"curies":[{"name":"wp","href":"https:\/\/api.w.org\/{rel}","templated":true}]}}