{"id":52,"date":"2013-07-11T14:08:28","date_gmt":"2013-07-11T14:08:28","guid":{"rendered":"http:\/\/www2.brg14.at\/?page_id=52"},"modified":"2025-09-07T15:00:41","modified_gmt":"2025-09-07T13:00:41","slug":"nachmittagsbetreuung","status":"publish","type":"page","link":"https:\/\/www.brg14.at\/?page_id=52","title":{"rendered":"Nachmittagsbetreuung"},"content":{"rendered":"<p>Videoanleitung: <a href=\"https:\/\/docs.eduapp.at\/mka\/knowledge-base\/video-zur-onlineanmeldung\" target=\"_blank\" rel=\"noopener noreferrer\">https:\/\/docs.eduapp.at\/mka\/knowledge-base\/video-zur-onlineanmeldung<\/a><\/p>\n<p>Kurzanleitung:&nbsp;<a href=\"https:\/\/docs.eduapp.at\/mka\/knowledge-base\/kurzanleitung-zur-onlineanmeldung\" target=\"_blank\" rel=\"noopener noreferrer\">https:\/\/docs.eduapp.at\/mka\/knowledge-base\/kurzanleitung-zur-onlineanmeldung<\/a><\/p>\n<p>Die Nachmittagsbetreuung (NMB) ist ein kostenpflichtiges Angebot der Bildungsdirektion f\u00fcr Wien, gedacht f\u00fcr Kinder, die am Nachmittag zu Hause nicht betreut werden k\u00f6nnen.<\/p>\n<p>Die Nachmittagsbetreuung kann von 1 Tag bis zu 5 Tagen und von 1 Stunde pro Tag bis zu 5 Stunden pro Tag in der Zeit von 11:45 bis 17:00 in Anspruch genommen werden.<\/p>\n<h2>Pro Monat ergeben sich daf\u00fcr folgende Kosten<\/h2>\n<table>\n<tbody>\n<tr>\n<td>Dauer pro Woche<\/td>\n<td>Kosten pro Monat<\/td>\n<\/tr>\n<tr>\n<td>1 Tag<\/td>\n<td>26,40 \u20ac<\/td>\n<\/tr>\n<tr>\n<td>2 Tage<\/td>\n<td>35,20 \u20ac<\/td>\n<\/tr>\n<tr>\n<td>3 Tage<\/td>\n<td>52,80 \u20ac<\/td>\n<\/tr>\n<tr>\n<td>4 Tage<\/td>\n<td>70,40 \u20ac<\/td>\n<\/tr>\n<tr>\n<td>5 Tage<\/td>\n<td>88,00 \u20ac<\/td>\n<\/tr>\n<\/tbody>\n<\/table>\n<p>&nbsp;<\/p>\n<p>Die Anmeldung f\u00fcr die Nachmittagsbetreuung muss in der 1. Schulwoche erfolgen und ist bindend. Die Anmeldung erfolgt ausschlie\u00dflich mit den von der Bildungsdirektion daf\u00fcr zur Verf\u00fcgung gestellten Formularen, die zwecks Abbuchung der Kosten an diese weitergeleitet werden.<\/p>\n<div class=\"su-note\"  style=\"border-color:#e5e5e5;border-radius:3px;-moz-border-radius:3px;-webkit-border-radius:3px;\"><div class=\"su-note-inner su-u-clearfix su-u-trim\" style=\"background-color:#FFFFFF;border-color:#ffffff;color:#333333;border-radius:3px;-moz-border-radius:3px;-webkit-border-radius:3px;\">\n<div align=\"center\"><a href=\"http:\/\/www.brg14.at\/wp-content\/uploads\/GSF_-_Beilage_-_Elterninformation.pdf\" target=\"_blank\" rel=\"noopener noreferrer\">Informationsblatt der Bildungsdirektion bez\u00fcglich Nachmittagsbetreuung<\/a><\/div>\n<\/div><\/div>\n<p>Das Anmeldeformular der Bildungsdirektion f\u00fcr die Nachmittagsbetreuung finden Sie unter dem Bereich <a href=\"\/?page_id=4788\">&#8222;Infos \/ Downloads&#8220;<\/a>.<\/p>\n<p>F\u00fcr die schulinterne Planung der Gruppen- und Lehrer:inneneinteilung ersuchen wir Sie, zus\u00e4tzlich noch ein BRG VBS 14-Anmeldeformular auszuf\u00fcllen.<br \/>\nAchten Sie bitte darauf, dass die in diesem Formular gemachten Angaben mit jenen des Anmeldeformulars der Bildungsdirektion \u00fcbereinstimmen!<\/p>\n<p>Das Anmeldeformular des BRG VBS 14 f\u00fcr die Nachmittagsbetreuung finden Sie unter dem Bereich <a href=\"\/?page_id=4788\">&#8222;Infos \/ Downloads&#8220;<\/a>.<\/p>\n<p>Eine Abmeldung oder Reduzierung der gebuchten Tage ist erst zu Semesterwechsel m\u00f6glich. Bis dahin wird Ihnen auch der f\u00fcr die gew\u00e4hlten Tage f\u00e4llige Betrag von der Bildungsdirektion abgebucht (Jeweils per 1. eines Monats, beginnend mit Oktober, f\u00fcr die jeweils vergangenen Monate).<\/p>\n<h2>Geboten werden folgende Leistungen<\/h2>\n<ul>\n<li type=\"disc\">Beaufsichtigung<\/li>\n<li type=\"disc\">Betreuung und Hilfe bei Haus\u00fcbungen und beim Lernen w\u00e4hrend der Lernzeit<\/li>\n<li type=\"disc\">Spiel und Sport, Basteln<\/li>\n<li type=\"disc\">Gartenben\u00fctzung<\/li>\n<li type=\"disc\">Ausfl\u00fcge und Feste<\/li>\n<\/ul>\n<p>&nbsp;<\/p>\n<p>Es besteht die M\u00f6glichkeit, ein warmes Mittagessen einzunehmen. Dieses ist direkt beim Buffet zu buchen und zu bezahlen (Die Kosten daf\u00fcr sind nicht im Betreuungsbeitrag enthalten!). Ein Merkblatt samt Bestellabschnitt und Einziehungserm\u00e4chtigung erhalten Sie direkt vom Buffet.<\/p>\n<div class=\"su-note\"  style=\"border-color:#e5e5e5;border-radius:3px;-moz-border-radius:3px;-webkit-border-radius:3px;\"><div class=\"su-note-inner su-u-clearfix su-u-trim\" style=\"background-color:#FFFFFF;border-color:#ffffff;color:#333333;border-radius:3px;-moz-border-radius:3px;-webkit-border-radius:3px;\">\n<div align=\"center\"><a href=\"\/?page_id=50\" target=\"_blank\" rel=\"noopener noreferrer\">LINK zum Schulbuffet<\/a><\/div>\n<\/div><\/div>\n<p>Entschuldigungen f\u00fcr das Fernbleiben von der Nachmittagsbetreuung werden ausschlie\u00dflich auf dem entsprechenden Formular der Schule akzeptiert! Dieses finden Sie unter dem Bereich <a href=\"\/?page_id=4788\">&#8222;Infos \/ Downloads&#8220;<\/a>.<\/p>\n<p>F\u00fcr Fragen steht Ihnen die Leitung der Nachmittagsbetreuung, Mag.<sup>a<\/sup> Martina Lanz, gerne zur Verf\u00fcgung.<\/p>\n","protected":false},"excerpt":{"rendered":"<p>Videoanleitung: https:\/\/docs.eduapp.at\/mka\/knowledge-base\/video-zur-onlineanmeldung Kurzanleitung:&nbsp;https:\/\/docs.eduapp.at\/mka\/knowledge-base\/kurzanleitung-zur-onlineanmeldung Die Nachmittagsbetreuung (NMB) ist ein kostenpflichtiges Angebot der Bildungsdirektion f\u00fcr Wien, gedacht f\u00fcr Kinder, die am Nachmittag zu Hause nicht betreut werden k\u00f6nnen. Die Nachmittagsbetreuung kann von 1 Tag bis zu 5 Tagen und von 1 Stunde &hellip; <a class=\"more-link\" href=\"https:\/\/www.brg14.at\/?page_id=52\">WEITERLESEN &#8230;<\/a><\/p>\n","protected":false},"author":2,"featured_media":0,"parent":4024,"menu_order":0,"comment_status":"closed","ping_status":"closed","template":"","meta":{"ngg_post_thumbnail":0,"footnotes":""},"class_list":["post-52","page","type-page","status-publish","hentry"],"_links":{"self":[{"href":"https:\/\/www.brg14.at\/index.php?rest_route=\/wp\/v2\/pages\/52","targetHints":{"allow":["GET"]}}],"collection":[{"href":"https:\/\/www.brg14.at\/index.php?rest_route=\/wp\/v2\/pages"}],"about":[{"href":"https:\/\/www.brg14.at\/index.php?rest_route=\/wp\/v2\/types\/page"}],"author":[{"embeddable":true,"href":"https:\/\/www.brg14.at\/index.php?rest_route=\/wp\/v2\/users\/2"}],"replies":[{"embeddable":true,"href":"https:\/\/www.brg14.at\/index.php?rest_route=%2Fwp%2Fv2%2Fcomments&post=52"}],"version-history":[{"count":26,"href":"https:\/\/www.brg14.at\/index.php?rest_route=\/wp\/v2\/pages\/52\/revisions"}],"predecessor-version":[{"id":16439,"href":"https:\/\/www.brg14.at\/index.php?rest_route=\/wp\/v2\/pages\/52\/revisions\/16439"}],"up":[{"embeddable":true,"href":"https:\/\/www.brg14.at\/index.php?rest_route=\/wp\/v2\/pages\/4024"}],"wp:attachment":[{"href":"https:\/\/www.brg14.at\/index.php?rest_route=%2Fwp%2Fv2%2Fmedia&parent=52"}],"curies":[{"name":"wp","href":"https:\/\/api.w.org\/{rel}","templated":true}]}}