{"id":5624,"date":"2013-08-28T14:30:04","date_gmt":"2013-08-28T12:30:04","guid":{"rendered":"http:\/\/www2.brg14.at\/?page_id=5624"},"modified":"2025-10-13T09:10:24","modified_gmt":"2025-10-13T07:10:24","slug":"schulveranstaltungen","status":"publish","type":"page","link":"https:\/\/www.brg14.at\/?page_id=5624","title":{"rendered":"Schulveranstaltungen"},"content":{"rendered":"<h1>Bewegungsorientierte Projektwochen<\/h1>\n<p>Informationen folgen in K\u00fcrze.<\/p>\n<p>&nbsp;<br \/>\n&nbsp;<\/p>\n<h1>Meeresbiologische Woche<\/h1>\n<p><iframe loading=\"lazy\" src=\"https:\/\/player.vimeo.com\/video\/478209245\" width=\"640\" height=\"360\" frameborder=\"0\" allowfullscreen=\"allowfullscreen\"><\/iframe><br \/>\n&nbsp;<br \/>\n&nbsp;<\/p>\n<h1>Sprachwochen<\/h1>\n<h2>Sprachprojektwoche Englisch<\/h2>\n<p>In der 6.Klasse kann eine Sprachprojektwoche Englisch durchgef\u00fchrt werden. Ein Sprachkurs mit Native Speaker- Lehrer:innen verbindet sich mit kulturellen und landestypischen Aktivit\u00e4ten zu einem spannenden Erlebnis, das den Teilnehmer:innen die Fremdsprache auch emotional n\u00e4herbringt.<br \/>\nM\u00f6gliche Ziele sind Gro\u00dfbritannien oder Irland.<\/p>\n<p>&nbsp;<\/p>\n<h2>Projekt- oder Sprachwoche Frankreich<\/h2>\n<p>Beliebt bei den Sch\u00fcler:innen der siebenten Klassen mit sprachlichem Schwerpunkt ist eine Projektwoche oder eine Sprachwoche in Frankreich. Die direkte Begegnung mit Land und Leuten, das Erleben der franz\u00f6sischen Kultur, sei es in Paris, Nizza und Cannes oder Montpellier ist immer ein wichtiger Impuls f\u00fcr das aktive Anwenden der franz\u00f6sischen Sprache.<\/p>\n<p><a href=\"\/wp-content\/uploads\/PDF\/Sprachwoche_Frankreich.pdf\" target=\"_blank\" rel=\"noopener noreferrer\">Eindr\u00fccke von Projekt- oder Sprachwoche in Frankreich<\/a><\/p>\n[ Mag.<sup>a<\/sup> Silvia Pill, 2013 ]\n","protected":false},"excerpt":{"rendered":"<p>Bewegungsorientierte Projektwochen Informationen folgen in K\u00fcrze. &nbsp; &nbsp; Meeresbiologische Woche &nbsp; &nbsp; Sprachwochen Sprachprojektwoche Englisch In der 6.Klasse kann eine Sprachprojektwoche Englisch durchgef\u00fchrt werden. Ein Sprachkurs mit Native Speaker- Lehrer:innen verbindet sich mit kulturellen und landestypischen Aktivit\u00e4ten zu einem spannenden &hellip; <a class=\"more-link\" href=\"https:\/\/www.brg14.at\/?page_id=5624\">WEITERLESEN &#8230;<\/a><\/p>\n","protected":false},"author":2,"featured_media":0,"parent":0,"menu_order":0,"comment_status":"closed","ping_status":"closed","template":"","meta":{"ngg_post_thumbnail":0,"footnotes":""},"class_list":["post-5624","page","type-page","status-publish","hentry"],"_links":{"self":[{"href":"https:\/\/www.brg14.at\/index.php?rest_route=\/wp\/v2\/pages\/5624","targetHints":{"allow":["GET"]}}],"collection":[{"href":"https:\/\/www.brg14.at\/index.php?rest_route=\/wp\/v2\/pages"}],"about":[{"href":"https:\/\/www.brg14.at\/index.php?rest_route=\/wp\/v2\/types\/page"}],"author":[{"embeddable":true,"href":"https:\/\/www.brg14.at\/index.php?rest_route=\/wp\/v2\/users\/2"}],"replies":[{"embeddable":true,"href":"https:\/\/www.brg14.at\/index.php?rest_route=%2Fwp%2Fv2%2Fcomments&post=5624"}],"version-history":[{"count":28,"href":"https:\/\/www.brg14.at\/index.php?rest_route=\/wp\/v2\/pages\/5624\/revisions"}],"predecessor-version":[{"id":16622,"href":"https:\/\/www.brg14.at\/index.php?rest_route=\/wp\/v2\/pages\/5624\/revisions\/16622"}],"wp:attachment":[{"href":"https:\/\/www.brg14.at\/index.php?rest_route=%2Fwp%2Fv2%2Fmedia&parent=5624"}],"curies":[{"name":"wp","href":"https:\/\/api.w.org\/{rel}","templated":true}]}}