{"id":5638,"date":"2013-08-28T21:29:56","date_gmt":"2013-08-28T19:29:56","guid":{"rendered":"http:\/\/www2.brg14.at\/?page_id=5638"},"modified":"2020-09-28T11:08:25","modified_gmt":"2020-09-28T09:08:25","slug":"deutsch-als-zweit-bzw-fremdsprache","status":"publish","type":"page","link":"https:\/\/www.brg14.at\/?page_id=5638","title":{"rendered":"Deutsch als Zweit- bzw. Fremdsprache"},"content":{"rendered":"<p>Wie bereits in den letzten Jahren wird auch in diesem Schuljahr die Unverbindliche \u00dcbung \u201eDeutsch als Zweit- bzw. Fremdsprache\u201c (DaZ\/DaF) angeboten.<br \/>Vordergr\u00fcndig richtet sich der Kurs an jene Sch\u00fclerinnen und Sch\u00fcler, die zweisprachig aufwachsen und\/oder in ihrem Alltag \u00fcberwiegend eine andere Sprache als Deutsch verwenden.<br \/>Das Hauptziel ist, die Fertigkeiten Sprechen, Schreiben, H\u00f6ren und Lesen durch gezielte \u00dcbungen und Spiele zu verbessern.<\/p>\n<p>Die Anmeldung findet in der ersten Schulwoche statt.<\/p>\n<p>Bei Fragen k\u00f6nnen Sie gerne die Kursleiterin kontaktieren:<\/p>\n<ul>\n<li>Barbara M\u00fcller: <a href=\"mailto:barbara.mueller@brg14.at\">barbara.mueller@brg14.at<\/a><\/li>\n<li>Gisela Schaich-Graf: <a href=\"mailto:gisela.schaich-graf@brg14.at\">gisela.schaich-graf@brg14.at<\/a><\/li>\n<\/ul>\n\n\n<p><\/p>\n","protected":false},"excerpt":{"rendered":"<p>Wie bereits in den letzten Jahren wird auch in diesem Schuljahr die Unverbindliche \u00dcbung \u201eDeutsch als Zweit- bzw. Fremdsprache\u201c (DaZ\/DaF) angeboten.Vordergr\u00fcndig richtet sich der Kurs an jene Sch\u00fclerinnen und Sch\u00fcler, die zweisprachig aufwachsen und\/oder in ihrem Alltag \u00fcberwiegend eine andere &hellip; <a class=\"more-link\" href=\"https:\/\/www.brg14.at\/?page_id=5638\">WEITERLESEN &#8230;<\/a><\/p>\n","protected":false},"author":2,"featured_media":0,"parent":0,"menu_order":0,"comment_status":"closed","ping_status":"closed","template":"","meta":{"ngg_post_thumbnail":0,"footnotes":""},"class_list":["post-5638","page","type-page","status-publish","hentry"],"_links":{"self":[{"href":"https:\/\/www.brg14.at\/index.php?rest_route=\/wp\/v2\/pages\/5638","targetHints":{"allow":["GET"]}}],"collection":[{"href":"https:\/\/www.brg14.at\/index.php?rest_route=\/wp\/v2\/pages"}],"about":[{"href":"https:\/\/www.brg14.at\/index.php?rest_route=\/wp\/v2\/types\/page"}],"author":[{"embeddable":true,"href":"https:\/\/www.brg14.at\/index.php?rest_route=\/wp\/v2\/users\/2"}],"replies":[{"embeddable":true,"href":"https:\/\/www.brg14.at\/index.php?rest_route=%2Fwp%2Fv2%2Fcomments&post=5638"}],"version-history":[{"count":5,"href":"https:\/\/www.brg14.at\/index.php?rest_route=\/wp\/v2\/pages\/5638\/revisions"}],"predecessor-version":[{"id":12983,"href":"https:\/\/www.brg14.at\/index.php?rest_route=\/wp\/v2\/pages\/5638\/revisions\/12983"}],"wp:attachment":[{"href":"https:\/\/www.brg14.at\/index.php?rest_route=%2Fwp%2Fv2%2Fmedia&parent=5638"}],"curies":[{"name":"wp","href":"https:\/\/api.w.org\/{rel}","templated":true}]}}