{"id":6272,"date":"2014-06-02T08:46:24","date_gmt":"2014-06-02T06:46:24","guid":{"rendered":"http:\/\/www.brg14.at\/?page_id=6272"},"modified":"2025-10-03T10:33:30","modified_gmt":"2025-10-03T08:33:30","slug":"staatlich-gepruefte-sportinstruktoren-ausbildung","status":"publish","type":"page","link":"https:\/\/www.brg14.at\/?page_id=6272","title":{"rendered":"Wahlpflichtfach Staatlich gepr\u00fcfte Sportinstruktor:innen-Ausbildung"},"content":{"rendered":"<p><b>Staatlich gepr\u00fcfte Sportinstruktor:innen-Ausbildung<\/b><br \/>\nEine berufsorientierte Schulausbildung in Kooperation mit der Bundessportakademie Wien zum\/zur Sportinstruktor:in f\u00fcr gesundheitsorientiertes und pr\u00e4ventives Sporttreiben \u2013 ehemaliger staatl. gepr\u00fcfter Fit Lehrwart.<\/p>\n<p><b>Voraussetzungen<\/b><br \/>\n1 Jahr Wahlpflichtfach Sportinstruktor:in in geblockter Form w\u00e4hrend der 7. Klasse.<br \/>\nDie Inhalte des Wahlpflichtfaches werden am Beginn jedes Semesters ausgegeben:<\/p>\n<ul>\n<li>Vorbereitung auf die Pr\u00fcfungsf\u00e4cher Trainingslehre, Bewegungslehre und Sportbiologie<\/li>\n<li>Sportmethodik \u2013 Vorbereitung auf praktischen Lehrauftritt<\/li>\n<li>Mitarbeit an den Sportaktivit\u00e4ten der Schule wie Oberstufensportfest und Tag der offenen T\u00fcr<\/li>\n<\/ul>\n<p>In der 7. Klasse finden zus\u00e4tzlich zum Wahlpflichtfach \u201eSportinstruktor:in\u201c 3 Ausbildungstage der Bundessportakademie an der Schule statt. Im September der 8. Klasse fahren alle Sch\u00fcler:innen eine Woche zum Pr\u00fcfungskurs nach Schielleiten, wo theoretische und praktische Inhalte abgepr\u00fcft werden.<\/p>\n<p>Aufnahmepr\u00fcfung an der Schule (Coopertest \u2013 standardisierte 12 Minuten Ausdauerbelastung weibl. 2300 Meter \/ m\u00e4nnl. 2600 Meter und Werthner TDS Hindernislauf).<\/p>\n<p>Erste Hilfe \u2013 Nachweis (kann an der Schule absolviert werden).<\/p>\n<p><b>T\u00e4tigkeitsbereiche<\/b>: Konditions- und Koordinationsprogramme f\u00fcr Kinder- und Erwachsenentraining, Sensomotorik und Wirbels\u00e4ulengymnastik bzw. allgemein sportart\u00fcbergreifendes Training in Vereinen, Volkshochschulen oder Fitnesscentern.<\/p>\n<p>Die Instruktor:innen-Ausbildung ist auch eine Einstiegsqualifikation f\u00fcr weiterf\u00fchrende Sportlehrer:innen- oder Trainer:innen-Ausbildungen.<\/p>\n<p><b>M\u00f6gliche weiterf\u00fchrende Ausbildungen<\/b><\/p>\n<ul>\n<li>Ausbildung zum Bewegungscoach<\/li>\n<li>Ausbildung zum\/zur Freizeitp\u00e4dagoge:in mit Schwerpunkt Sport<\/li>\n<li>Trainer:innen-Grundkurs<\/li>\n<li>Staatlich gepr\u00fcfte\/r Trainer:in f\u00fcr Athletik, Fitness und Koordination<\/li>\n<\/ul>\nngg_shortcode_0_placeholder\nDie Ausbildung schlie\u00dft mit einem staatlichen Zeugnis zum\/zur Sportinstruktor:in f\u00fcr gesundheitsorientiertes und pr\u00e4ventives Sporttreiben ab.<\/p>\n<p>Nur wenige Schulen in \u00d6sterreich bieten diese berufsorientierte Ausbildung in Zusammenarbeit mit der Bundessportakademie an.<\/p>\n<p>Gregor Mitterhuemer<br \/>\n[ Stand: 01.10.2025 ]\n","protected":false},"excerpt":{"rendered":"<p>Staatlich gepr\u00fcfte Sportinstruktor:innen-Ausbildung Eine berufsorientierte Schulausbildung in Kooperation mit der Bundessportakademie Wien zum\/zur Sportinstruktor:in f\u00fcr gesundheitsorientiertes und pr\u00e4ventives Sporttreiben \u2013 ehemaliger staatl. gepr\u00fcfter Fit Lehrwart. Voraussetzungen 1 Jahr Wahlpflichtfach Sportinstruktor:in in geblockter Form w\u00e4hrend der 7. Klasse. Die Inhalte des &hellip; <a class=\"more-link\" href=\"https:\/\/www.brg14.at\/?page_id=6272\">WEITERLESEN &#8230;<\/a><\/p>\n","protected":false},"author":2,"featured_media":0,"parent":0,"menu_order":0,"comment_status":"closed","ping_status":"closed","template":"","meta":{"ngg_post_thumbnail":0,"footnotes":""},"class_list":["post-6272","page","type-page","status-publish","hentry"],"_links":{"self":[{"href":"https:\/\/www.brg14.at\/index.php?rest_route=\/wp\/v2\/pages\/6272","targetHints":{"allow":["GET"]}}],"collection":[{"href":"https:\/\/www.brg14.at\/index.php?rest_route=\/wp\/v2\/pages"}],"about":[{"href":"https:\/\/www.brg14.at\/index.php?rest_route=\/wp\/v2\/types\/page"}],"author":[{"embeddable":true,"href":"https:\/\/www.brg14.at\/index.php?rest_route=\/wp\/v2\/users\/2"}],"replies":[{"embeddable":true,"href":"https:\/\/www.brg14.at\/index.php?rest_route=%2Fwp%2Fv2%2Fcomments&post=6272"}],"version-history":[{"count":33,"href":"https:\/\/www.brg14.at\/index.php?rest_route=\/wp\/v2\/pages\/6272\/revisions"}],"predecessor-version":[{"id":16508,"href":"https:\/\/www.brg14.at\/index.php?rest_route=\/wp\/v2\/pages\/6272\/revisions\/16508"}],"wp:attachment":[{"href":"https:\/\/www.brg14.at\/index.php?rest_route=%2Fwp%2Fv2%2Fmedia&parent=6272"}],"curies":[{"name":"wp","href":"https:\/\/api.w.org\/{rel}","templated":true}]}}