{"id":6274,"date":"2014-06-02T08:48:55","date_gmt":"2014-06-02T06:48:55","guid":{"rendered":"http:\/\/www.brg14.at\/?page_id=6274"},"modified":"2025-10-03T10:32:25","modified_gmt":"2025-10-03T08:32:25","slug":"erste-hilfe-ausbildung","status":"publish","type":"page","link":"https:\/\/www.brg14.at\/?page_id=6274","title":{"rendered":"Erste-Hilfe-Kurse an unserer Schule"},"content":{"rendered":"<p>Unsere Schule bietet regelm\u00e4\u00dfig Erste-Hilfe-Kurse f\u00fcr Sch\u00fcler:innen und Lehrer:innen an. Ziel ist es, im Notfall richtig und sicher reagieren zu k\u00f6nnen \u2013 sei es im Stra\u00dfenverkehr, in der Schule oder im Alltag.<\/p>\n<p>F\u00fcr Sch\u00fcler:innen wird ein 6-st\u00fcndiger Grundkurs angeboten, der ab der Oberstufe besucht werden kann. Der Kurs vermittelt grundlegende Kenntnisse zur Erkennung und Versorgung von Notf\u00e4llen, von der stabilen Seitenlage \u00fcber die Wiederbelebung bis hin zur richtigen Versorgung von Verletzungen, Helmabnahme und Bergung aus dem Auto. Der Kurs gilt als Nachweis f\u00fcr die erfolgte Unterweisung in lebensrettenden Sofortma\u00dfnahmen entsprechend der F\u00fchrerscheingesetz-DV 1997, \u00a76.<\/p>\n<p>Auch Lehrer:innen haben die M\u00f6glichkeit, ihr Wissen regelm\u00e4\u00dfig aufzufrischen. Daf\u00fcr stehen Auffrischungskurse mit einer Dauer von vier bis acht Stunden zur Auswahl, in denen praxisnah die wichtigsten Ma\u00dfnahmen wiederholt und ge\u00fcbt werden.<\/p>\n<p>Helena Zott und Gregor Mitterhuemer<br \/>\n[ Stand: 01.10.2025 ]\n","protected":false},"excerpt":{"rendered":"<p>Unsere Schule bietet regelm\u00e4\u00dfig Erste-Hilfe-Kurse f\u00fcr Sch\u00fcler:innen und Lehrer:innen an. Ziel ist es, im Notfall richtig und sicher reagieren zu k\u00f6nnen \u2013 sei es im Stra\u00dfenverkehr, in der Schule oder im Alltag. F\u00fcr Sch\u00fcler:innen wird ein 6-st\u00fcndiger Grundkurs angeboten, der &hellip; <a class=\"more-link\" href=\"https:\/\/www.brg14.at\/?page_id=6274\">WEITERLESEN &#8230;<\/a><\/p>\n","protected":false},"author":2,"featured_media":0,"parent":0,"menu_order":0,"comment_status":"closed","ping_status":"closed","template":"","meta":{"ngg_post_thumbnail":0,"footnotes":""},"class_list":["post-6274","page","type-page","status-publish","hentry"],"_links":{"self":[{"href":"https:\/\/www.brg14.at\/index.php?rest_route=\/wp\/v2\/pages\/6274","targetHints":{"allow":["GET"]}}],"collection":[{"href":"https:\/\/www.brg14.at\/index.php?rest_route=\/wp\/v2\/pages"}],"about":[{"href":"https:\/\/www.brg14.at\/index.php?rest_route=\/wp\/v2\/types\/page"}],"author":[{"embeddable":true,"href":"https:\/\/www.brg14.at\/index.php?rest_route=\/wp\/v2\/users\/2"}],"replies":[{"embeddable":true,"href":"https:\/\/www.brg14.at\/index.php?rest_route=%2Fwp%2Fv2%2Fcomments&post=6274"}],"version-history":[{"count":12,"href":"https:\/\/www.brg14.at\/index.php?rest_route=\/wp\/v2\/pages\/6274\/revisions"}],"predecessor-version":[{"id":16507,"href":"https:\/\/www.brg14.at\/index.php?rest_route=\/wp\/v2\/pages\/6274\/revisions\/16507"}],"wp:attachment":[{"href":"https:\/\/www.brg14.at\/index.php?rest_route=%2Fwp%2Fv2%2Fmedia&parent=6274"}],"curies":[{"name":"wp","href":"https:\/\/api.w.org\/{rel}","templated":true}]}}