{"id":76,"date":"2013-07-11T20:55:32","date_gmt":"2013-07-11T20:55:32","guid":{"rendered":"http:\/\/www2.brg14.at\/?page_id=76"},"modified":"2023-09-06T22:08:17","modified_gmt":"2023-09-06T20:08:17","slug":"impressum","status":"publish","type":"page","link":"https:\/\/www.brg14.at\/?page_id=76","title":{"rendered":"Impressum"},"content":{"rendered":"\n<table id=\"tablepress-37\" class=\"tablepress tablepress-id-37\">\n<tbody>\n<tr class=\"row-1\">\n\t<td class=\"column-1\">Anschrift<\/td><td class=\"column-2\">BRG VBS 14<br \/>\nBundesrealgymnasium Wien 14<br \/>\nLinzer Stra\u00dfe 146<br \/>\nA-1140 Wien<\/td>\n<\/tr>\n<tr class=\"row-2\">\n\t<td class=\"column-1\">Telefon<\/td><td class=\"column-2\">+43 1 9112577<\/td>\n<\/tr>\n<tr class=\"row-3\">\n\t<td class=\"column-1\">Fax<\/td><td class=\"column-2\">+43 1 9112578 - 9<\/td>\n<\/tr>\n<tr class=\"row-4\">\n\t<td class=\"column-1\">E-Mail<\/td><td class=\"column-2\"><a href=\"mailto:office@brg14.at\">office@brg14.at<\/a><\/td>\n<\/tr>\n<tr class=\"row-5\">\n\t<td class=\"column-1\"><\/td><td class=\"column-2\"><\/td>\n<\/tr>\n<tr class=\"row-6\">\n\t<td class=\"column-1\">Direktor<\/td><td class=\"column-2\">Mag. AUER Michael<\/td>\n<\/tr>\n<tr class=\"row-7\">\n\t<td class=\"column-1\">Erstellung und Betreuung der Homepage<\/td><td class=\"column-2\">Mag. WICHTL Christoph<\/td>\n<\/tr>\n<tr class=\"row-8\">\n\t<td class=\"column-1\">Herausgeber und Inhaltsverantwortung<\/td><td class=\"column-2\">Bundesrealgymnasium Wien 14<\/td>\n<\/tr>\n<tr class=\"row-9\">\n\t<td class=\"column-1\">Datenschutzinformationen<\/td><td class=\"column-2\"><a href=\"https:\/\/bildung.bmbwf.gv.at\/schulen\/datenschutz\/index.html\" target=\"_blank\" rel=\"noopener noreferrer\">gem\u00e4\u00df Art. 13 DSGVO<\/a><\/td>\n<\/tr>\n<tr class=\"row-10\">\n\t<td class=\"column-1\"><\/td><td class=\"column-2\"><\/td>\n<\/tr>\n<\/tbody>\n<\/table>\n<!-- #tablepress-37 from cache -->\n<p><iframe loading=\"lazy\" style=\"border: 0;\" src=\"https:\/\/www.google.com\/maps\/embed?pb=!1m18!1m12!1m3!1d10638.832544245799!2d16.298465888141248!3d48.19297468451273!2m3!1f0!2f0!3f0!3m2!1i1024!2i768!4f13.1!3m3!1m2!1s0x476da7f0c2597d6f%3A0xeb3159a71b37d039!2sLinzer+Stra%C3%9Fe+146%2C+1140+Wien!5e0!3m2!1sde!2sat!4v1413364544261\" width=\"600\" height=\"450\" frameborder=\"0\"><\/iframe><br \/>\n<a href=\"https:\/\/goo.gl\/maps\/Hg3Yu\">Gr\u00f6\u00dfere Kartenansicht<\/a><\/p>\n<p>Mit folgenden \u00f6ffentlichen Verkehrsmitteln erreichen Sie unsere Schule<\/p>\n<ul>\n<li type=\"disc\">Stra\u00dfenbahn Linie 49 Station &#8222;H\u00fctteldorferstra\u00dfe \/ L\u00fctzowgasse&#8220;<\/li>\n<li type=\"disc\">Stra\u00dfenbahn Linie 52 Station &#8222;Linzer Stra\u00dfe \/ L\u00fctzowgasse&#8220;<\/li>\n<li type=\"disc\">Autobus Linie 51A Station &#8222;Ameisgasse&#8220;<\/li>\n<\/ul>\n","protected":false},"excerpt":{"rendered":"<p>Gr\u00f6\u00dfere Kartenansicht Mit folgenden \u00f6ffentlichen Verkehrsmitteln erreichen Sie unsere Schule Stra\u00dfenbahn Linie 49 Station &#8222;H\u00fctteldorferstra\u00dfe \/ L\u00fctzowgasse&#8220; Stra\u00dfenbahn Linie 52 Station &#8222;Linzer Stra\u00dfe \/ L\u00fctzowgasse&#8220; Autobus Linie 51A Station &#8222;Ameisgasse&#8220; &hellip; <a class=\"more-link\" href=\"https:\/\/www.brg14.at\/?page_id=76\">WEITERLESEN &#8230;<\/a><\/p>\n","protected":false},"author":2,"featured_media":0,"parent":0,"menu_order":0,"comment_status":"closed","ping_status":"closed","template":"","meta":{"ngg_post_thumbnail":0,"footnotes":""},"class_list":["post-76","page","type-page","status-publish","hentry"],"_links":{"self":[{"href":"https:\/\/www.brg14.at\/index.php?rest_route=\/wp\/v2\/pages\/76","targetHints":{"allow":["GET"]}}],"collection":[{"href":"https:\/\/www.brg14.at\/index.php?rest_route=\/wp\/v2\/pages"}],"about":[{"href":"https:\/\/www.brg14.at\/index.php?rest_route=\/wp\/v2\/types\/page"}],"author":[{"embeddable":true,"href":"https:\/\/www.brg14.at\/index.php?rest_route=\/wp\/v2\/users\/2"}],"replies":[{"embeddable":true,"href":"https:\/\/www.brg14.at\/index.php?rest_route=%2Fwp%2Fv2%2Fcomments&post=76"}],"version-history":[{"count":25,"href":"https:\/\/www.brg14.at\/index.php?rest_route=\/wp\/v2\/pages\/76\/revisions"}],"predecessor-version":[{"id":14989,"href":"https:\/\/www.brg14.at\/index.php?rest_route=\/wp\/v2\/pages\/76\/revisions\/14989"}],"wp:attachment":[{"href":"https:\/\/www.brg14.at\/index.php?rest_route=%2Fwp%2Fv2%2Fmedia&parent=76"}],"curies":[{"name":"wp","href":"https:\/\/api.w.org\/{rel}","templated":true}]}}